{"id":867,"date":"2021-01-14T16:58:44","date_gmt":"2021-01-14T16:58:44","guid":{"rendered":"https:\/\/sadova.ro\/?page_id=867"},"modified":"2023-08-31T12:58:57","modified_gmt":"2023-08-31T12:58:57","slug":"evenimente","status":"publish","type":"page","link":"https:\/\/sadova.ro\/en\/experiente\/experiente-outdoor\/evenimente\/","title":{"rendered":"Sporting Events"},"content":{"rendered":"<div id='fullscreen_slider_1'  class='avia-fullscreen-slider main_color  av-mini-hide  avia-builder-el-0  el_before_av_slideshow_full  avia-builder-el-first   container_wrap fullsize' style=' '  ><a href='#next-section' title='' class='scroll-down-link av-control-default' aria-hidden='true' data-av_icon='\ue877' data-av_iconfont='entypo-fontello'><\/a><div   data-size='no scaling'  data-lightbox_size='large'  data-animation='slide'  data-conditional_play=''  data-ids='1068'  data-video_counter='0'  data-autoplay='false'  data-bg_slider='true'  data-slide_height='100'  data-handle='av_fullscreen'  data-interval='5'  data-class=' '  data-el_id=''  data-css_id='fullscreen_slider_1'  data-scroll_down='aviaTBscroll_down'  data-control_layout='av-control-default'  data-custom_markup=''  data-perma_caption='aviaTBperma_caption'  data-autoplay_stopper=''  data-image_attachment=''  data-min_height='0px'  data-lazy_loading='disabled'  data-stretch=''  class='avia-slideshow avia-slideshow-1 av-slider-scroll-down-active av-control-default av-default-height-applied avia-slideshow-no scaling av_fullscreen   avia-slide-slider'  itemprop=\"image\" itemscope=\"itemscope\" itemtype=\"https:\/\/schema.org\/ImageObject\" ><ul class='avia-slideshow-inner' style='padding-bottom: 40.478515625%;' ><li style='background-position:center center;' data-img-url='https:\/\/sadova.ro\/wp-content\/uploads\/2021\/01\/HEB-Sadova-Iezer.jpg' class='av-single-slide slide-1' ><div data-rel='slideshow-1' class='avia-slide-wrap'   ><\/div><\/li><\/ul><div class = \"caption_fullwidth av-slideshow-caption caption_center\"><div class = \"container caption_container\"><div class = \"slideshow_caption\"><div class = \"slideshow_inner_caption\"><div class = \"slideshow_align_caption\"><h2  style='color:#ffffff; ' class='avia-caption-title'  itemprop=\"name\" >Hard Enduro Bucovina<\/h2><br\/><a href='https:\/\/www.google.com\/maps\/d\/viewer?mid=1gJaOktm78FKU9DJqPfZJGGbd96hTK9rz&shorturl=1&ll=47.6068329651908%2C25.501925689168274&z=12' target=\"_blank\" rel=\"noopener noreferrer\" class='avia-slideshow-button avia-button avia-color-light' data-duration='800' data-easing='easeInOutQuad'>SEE ROUTE<\/a><\/div><\/div><\/div><\/div><\/div><\/div><\/div>\n<div id='full_slider_1'  class='avia-fullwidth-slider main_color avia-shadow  av-desktop-hide av-medium-hide av-small-hide  avia-builder-el-1  el_after_av_fullscreen  el_before_av_section   slider-not-first container_wrap fullsize' style=' '  ><div   data-size='no scaling'  data-lightbox_size='large'  data-animation='slide'  data-conditional_play=''  data-ids='1071'  data-video_counter='0'  data-autoplay='false'  data-bg_slider='false'  data-slide_height=''  data-handle='av_slideshow_full'  data-interval='5'  data-class=' '  data-el_id=''  data-css_id=''  data-scroll_down=''  data-control_layout='av-control-default'  data-custom_markup=''  data-perma_caption=''  data-autoplay_stopper=''  data-image_attachment=''  data-min_height='0px'  data-lazy_loading='disabled'  data-src=''  data-position='top left'  data-repeat='no-repeat'  data-attach='scroll'  data-stretch=''  class='avia-slideshow avia-slideshow-2  av-control-default av-default-height-applied avia-slideshow-no scaling av_slideshow_full   avia-slide-slider'  itemprop=\"image\" itemscope=\"itemscope\" itemtype=\"https:\/\/schema.org\/ImageObject\" ><ul class='avia-slideshow-inner' style='padding-bottom: 53.515625%;' ><li  class='av-single-slide slide-1' ><div data-rel='slideshow-2' class='avia-slide-wrap'   ><div class = \"caption_fullwidth av-slideshow-caption caption_center\"><div class = \"container caption_container\"><div class = \"slideshow_caption\"><div class = \"slideshow_inner_caption\"><div class = \"slideshow_align_caption\"><h2  class='avia-caption-title'  itemprop=\"name\" >Hard Enduro Bucovina<\/h2><br\/><a href='https:\/\/www.google.com\/maps\/d\/u\/0\/viewer?mid=1gJaOktm78FKU9DJqPfZJGGbd96hTK9rz&shorturl=1&ll=47.6068329651908%2C25.501925689168274&z=12'  class='avia-slideshow-button avia-button avia-color-light' data-duration='800' data-easing='easeInOutQuad'>SEE ROUTE<\/a><\/div><\/div><\/div><\/div><\/div><img decoding=\"async\" class=\"wp-image-1071 avia-img-lazy-loading-not-1071\"  src=\"https:\/\/sadova.ro\/wp-content\/uploads\/2021\/01\/HEB-Sadova-Iezer-1.jpg\" width=\"2048\" height=\"1096\" title='HEB-Sadova-Iezer' alt=''  itemprop=\"thumbnailUrl\" srcset=\"https:\/\/sadova.ro\/wp-content\/uploads\/2021\/01\/HEB-Sadova-Iezer-1.jpg 2048w, https:\/\/sadova.ro\/wp-content\/uploads\/2021\/01\/HEB-Sadova-Iezer-1-300x161.jpg 300w, https:\/\/sadova.ro\/wp-content\/uploads\/2021\/01\/HEB-Sadova-Iezer-1-1030x551.jpg 1030w, https:\/\/sadova.ro\/wp-content\/uploads\/2021\/01\/HEB-Sadova-Iezer-1-768x411.jpg 768w, https:\/\/sadova.ro\/wp-content\/uploads\/2021\/01\/HEB-Sadova-Iezer-1-1536x822.jpg 1536w, https:\/\/sadova.ro\/wp-content\/uploads\/2021\/01\/HEB-Sadova-Iezer-1-1500x803.jpg 1500w, https:\/\/sadova.ro\/wp-content\/uploads\/2021\/01\/HEB-Sadova-Iezer-1-705x377.jpg 705w\" sizes=\"(max-width: 2048px) 100vw, 2048px\" \/><\/div><\/li><\/ul><\/div><\/div>\n<div id='av_section_1'  class='avia-section main_color avia-section-default avia-no-border-styling  avia-bg-style-scroll  avia-builder-el-2  el_after_av_slideshow_full  avia-builder-el-last   container_wrap fullsize' style=' '  ><div class='container' ><div class='template-page content  av-content-full alpha units'><div class='post-entry post-entry-type-page post-entry-867'><div class='entry-content-wrapper clearfix'>\n<div class=\"flex_column av_one_fifth  flex_column_div av-zero-column-padding first  avia-builder-el-3  el_before_av_three_fifth  avia-builder-el-first\" style='border-radius:0px; '><\/div><div class=\"flex_column av_three_fifth  flex_column_div av-zero-column-padding   avia-builder-el-4  el_after_av_one_fifth  el_before_av_one_fifth\" style='border-radius:0px; '><section class=\"av_textblock_section\"  itemscope=\"itemscope\" itemtype=\"https:\/\/schema.org\/CreativeWork\" ><div class='avia_textblock  av_inherit_color  av-mini-font-size-overwrite av-mini-font-size-22'  style='font-size:18px; color:#777777; '  itemprop=\"text\" ><div class=\"o9v6fnle cxmmr5t8 oygrvhab hcukyx3x c1et5uql\">\n<div dir=\"auto\">\n<p><span style=\"font-family: Arial, sans-serif;\"><span style=\"font-size: medium;\">The idea of Hard Enduro Bucovina festival is a friendly place where people who share the same passion can come. Besides, this patch of land called Bucovina wants the world to be able to admire and discover its beauties.<\/span><\/span><\/p>\n<p><span style=\"font-family: Arial, sans-serif;\"><span style=\"font-size: medium;\">\"In all editions we tried, as much as possible, to create a real enduro route: where everyone can test their performance on a route of about 40-45 kilometers, which includes forest paths, steep climbs, descents and climbs on boulder streams, ridge walk with great views.<\/span><\/span><\/p>\n<p><span style=\"font-family: Arial, sans-serif;\"><span style=\"font-size: medium;\">Nu suntem interesa\u021bi de profit. \u00cemi doresc ca acest festival s\u0103 \u00ee\u0219i p\u0103streze tradi\u021bia &lt;?&gt;&gt; unde s\u0103 se simt\u0103 cu to\u021bii bine\u2026pentru c\u0103, p\u00e2n\u0103 la urm\u0103, ceea ce a pornit din pasiune pentru Enduro s\u0103 se rezume la Enduro \u0219i nimic mai mult&#8221;. &#8211; Organizator principal.<\/span><\/span><\/p>\n<\/div>\n<\/div>\n<\/div><\/section><\/div><div class=\"flex_column av_one_fifth  flex_column_div av-zero-column-padding   avia-builder-el-6  el_after_av_three_fifth  avia-builder-el-last\" style='border-radius:0px; '><\/div>","protected":false},"excerpt":{"rendered":"","protected":false},"author":1,"featured_media":988,"parent":374,"menu_order":0,"comment_status":"closed","ping_status":"closed","template":"","meta":{"footnotes":""},"class_list":["post-867","page","type-page","status-publish","has-post-thumbnail","hentry"],"yoast_head":"<!-- This site is optimized with the Yoast SEO plugin v27.4 - https:\/\/yoast.com\/product\/yoast-seo-wordpress\/ -->\n<title>Evenimente Sportive - Sadova | Hard Enduro Bucovina<\/title>\n<meta name=\"description\" content=\"Ideea festivalului Hard Enduro Bucovina este o prieteneasc\u0103 unde s\u0103 vin\u0103 oameni care \u00eemp\u0103rt\u0103\u0219esc aceea\u0219i pasiune. \u263c Enduro Sadova Bucovina\" \/>\n<meta name=\"robots\" content=\"index, follow, max-snippet:-1, max-image-preview:large, max-video-preview:-1\" \/>\n<link rel=\"canonical\" href=\"https:\/\/sadova.ro\/en\/experiente\/experiente-outdoor\/evenimente\/\" \/>\n<meta property=\"og:locale\" content=\"en_GB\" \/>\n<meta property=\"og:type\" content=\"article\" \/>\n<meta property=\"og:title\" content=\"Evenimente Sportive - Sadova | Hard Enduro Bucovina\" \/>\n<meta property=\"og:description\" content=\"Ideea festivalului Hard Enduro Bucovina este o prieteneasc\u0103 unde s\u0103 vin\u0103 oameni care \u00eemp\u0103rt\u0103\u0219esc aceea\u0219i pasiune. \u263c Enduro Sadova Bucovina\" \/>\n<meta property=\"og:url\" content=\"https:\/\/sadova.ro\/en\/experiente\/experiente-outdoor\/evenimente\/\" \/>\n<meta property=\"og:site_name\" content=\"Sadova\" \/>\n<meta property=\"article:modified_time\" content=\"2023-08-31T12:58:57+00:00\" \/>\n<meta property=\"og:image\" content=\"https:\/\/sadova.ro\/wp-content\/uploads\/2021\/01\/hard-enduro-1.jpg\" \/>\n\t<meta property=\"og:image:width\" content=\"1732\" \/>\n\t<meta property=\"og:image:height\" content=\"778\" \/>\n\t<meta property=\"og:image:type\" content=\"image\/jpeg\" \/>\n<meta name=\"twitter:card\" content=\"summary_large_image\" \/>\n<meta name=\"twitter:label1\" content=\"Estimated reading time\" \/>\n\t<meta name=\"twitter:data1\" content=\"2 minutes\" \/>\n<script type=\"application\/ld+json\" class=\"yoast-schema-graph\">{\"@context\":\"https:\\\/\\\/schema.org\",\"@graph\":[{\"@type\":\"WebPage\",\"@id\":\"https:\\\/\\\/sadova.ro\\\/experiente\\\/experiente-outdoor\\\/evenimente\\\/\",\"url\":\"https:\\\/\\\/sadova.ro\\\/experiente\\\/experiente-outdoor\\\/evenimente\\\/\",\"name\":\"Evenimente Sportive - Sadova | Hard Enduro Bucovina\",\"isPartOf\":{\"@id\":\"https:\\\/\\\/sadova.ro\\\/#website\"},\"primaryImageOfPage\":{\"@id\":\"https:\\\/\\\/sadova.ro\\\/experiente\\\/experiente-outdoor\\\/evenimente\\\/#primaryimage\"},\"image\":{\"@id\":\"https:\\\/\\\/sadova.ro\\\/experiente\\\/experiente-outdoor\\\/evenimente\\\/#primaryimage\"},\"thumbnailUrl\":\"https:\\\/\\\/sadova.ro\\\/wp-content\\\/uploads\\\/2021\\\/01\\\/hard-enduro-1.jpg\",\"datePublished\":\"2021-01-14T16:58:44+00:00\",\"dateModified\":\"2023-08-31T12:58:57+00:00\",\"description\":\"Ideea festivalului Hard Enduro Bucovina este o prieteneasc\u0103 unde s\u0103 vin\u0103 oameni care \u00eemp\u0103rt\u0103\u0219esc aceea\u0219i pasiune. \u263c Enduro Sadova Bucovina\",\"breadcrumb\":{\"@id\":\"https:\\\/\\\/sadova.ro\\\/experiente\\\/experiente-outdoor\\\/evenimente\\\/#breadcrumb\"},\"inLanguage\":\"en-GB\",\"potentialAction\":[{\"@type\":\"ReadAction\",\"target\":[\"https:\\\/\\\/sadova.ro\\\/experiente\\\/experiente-outdoor\\\/evenimente\\\/\"]}]},{\"@type\":\"ImageObject\",\"inLanguage\":\"en-GB\",\"@id\":\"https:\\\/\\\/sadova.ro\\\/experiente\\\/experiente-outdoor\\\/evenimente\\\/#primaryimage\",\"url\":\"https:\\\/\\\/sadova.ro\\\/wp-content\\\/uploads\\\/2021\\\/01\\\/hard-enduro-1.jpg\",\"contentUrl\":\"https:\\\/\\\/sadova.ro\\\/wp-content\\\/uploads\\\/2021\\\/01\\\/hard-enduro-1.jpg\",\"width\":1732,\"height\":778},{\"@type\":\"BreadcrumbList\",\"@id\":\"https:\\\/\\\/sadova.ro\\\/experiente\\\/experiente-outdoor\\\/evenimente\\\/#breadcrumb\",\"itemListElement\":[{\"@type\":\"ListItem\",\"position\":1,\"name\":\"Home\",\"item\":\"https:\\\/\\\/sadova.ro\\\/\"},{\"@type\":\"ListItem\",\"position\":2,\"name\":\"Experien\u0163e\",\"item\":\"https:\\\/\\\/sadova.ro\\\/experiente\\\/\"},{\"@type\":\"ListItem\",\"position\":3,\"name\":\"Experien\u0163e Outdoor\",\"item\":\"https:\\\/\\\/sadova.ro\\\/experiente\\\/experiente-outdoor\\\/\"},{\"@type\":\"ListItem\",\"position\":4,\"name\":\"Evenimente Sportive\"}]},{\"@type\":\"WebSite\",\"@id\":\"https:\\\/\\\/sadova.ro\\\/#website\",\"url\":\"https:\\\/\\\/sadova.ro\\\/\",\"name\":\"Sadova\",\"description\":\"Satul cu oameni frumosi\",\"publisher\":{\"@id\":\"https:\\\/\\\/sadova.ro\\\/#organization\"},\"potentialAction\":[{\"@type\":\"SearchAction\",\"target\":{\"@type\":\"EntryPoint\",\"urlTemplate\":\"https:\\\/\\\/sadova.ro\\\/?s={search_term_string}\"},\"query-input\":{\"@type\":\"PropertyValueSpecification\",\"valueRequired\":true,\"valueName\":\"search_term_string\"}}],\"inLanguage\":\"en-GB\"},{\"@type\":\"Organization\",\"@id\":\"https:\\\/\\\/sadova.ro\\\/#organization\",\"name\":\"Experience Sadova\",\"url\":\"https:\\\/\\\/sadova.ro\\\/\",\"logo\":{\"@type\":\"ImageObject\",\"inLanguage\":\"en-GB\",\"@id\":\"https:\\\/\\\/sadova.ro\\\/#\\\/schema\\\/logo\\\/image\\\/\",\"url\":\"https:\\\/\\\/sadova.ro\\\/wp-content\\\/uploads\\\/2025\\\/08\\\/cropped-1casuta.png\",\"contentUrl\":\"https:\\\/\\\/sadova.ro\\\/wp-content\\\/uploads\\\/2025\\\/08\\\/cropped-1casuta.png\",\"width\":512,\"height\":512,\"caption\":\"Experience Sadova\"},\"image\":{\"@id\":\"https:\\\/\\\/sadova.ro\\\/#\\\/schema\\\/logo\\\/image\\\/\"}}]}<\/script>\n<!-- \/ Yoast SEO plugin. -->","yoast_head_json":{"title":"Evenimente Sportive - Sadova | Hard Enduro Bucovina","description":"Ideea festivalului Hard Enduro Bucovina este o prieteneasc\u0103 unde s\u0103 vin\u0103 oameni care \u00eemp\u0103rt\u0103\u0219esc aceea\u0219i pasiune. \u263c Enduro Sadova Bucovina","robots":{"index":"index","follow":"follow","max-snippet":"max-snippet:-1","max-image-preview":"max-image-preview:large","max-video-preview":"max-video-preview:-1"},"canonical":"https:\/\/sadova.ro\/en\/experiente\/experiente-outdoor\/evenimente\/","og_locale":"en_GB","og_type":"article","og_title":"Evenimente Sportive - Sadova | Hard Enduro Bucovina","og_description":"Ideea festivalului Hard Enduro Bucovina este o prieteneasc\u0103 unde s\u0103 vin\u0103 oameni care \u00eemp\u0103rt\u0103\u0219esc aceea\u0219i pasiune. \u263c Enduro Sadova Bucovina","og_url":"https:\/\/sadova.ro\/en\/experiente\/experiente-outdoor\/evenimente\/","og_site_name":"Sadova","article_modified_time":"2023-08-31T12:58:57+00:00","og_image":[{"width":1732,"height":778,"url":"https:\/\/sadova.ro\/wp-content\/uploads\/2021\/01\/hard-enduro-1.jpg","type":"image\/jpeg"}],"twitter_card":"summary_large_image","twitter_misc":{"Estimated reading time":"2 minutes"},"schema":{"@context":"https:\/\/schema.org","@graph":[{"@type":"WebPage","@id":"https:\/\/sadova.ro\/experiente\/experiente-outdoor\/evenimente\/","url":"https:\/\/sadova.ro\/experiente\/experiente-outdoor\/evenimente\/","name":"Evenimente Sportive - Sadova | Hard Enduro Bucovina","isPartOf":{"@id":"https:\/\/sadova.ro\/#website"},"primaryImageOfPage":{"@id":"https:\/\/sadova.ro\/experiente\/experiente-outdoor\/evenimente\/#primaryimage"},"image":{"@id":"https:\/\/sadova.ro\/experiente\/experiente-outdoor\/evenimente\/#primaryimage"},"thumbnailUrl":"https:\/\/sadova.ro\/wp-content\/uploads\/2021\/01\/hard-enduro-1.jpg","datePublished":"2021-01-14T16:58:44+00:00","dateModified":"2023-08-31T12:58:57+00:00","description":"Ideea festivalului Hard Enduro Bucovina este o prieteneasc\u0103 unde s\u0103 vin\u0103 oameni care \u00eemp\u0103rt\u0103\u0219esc aceea\u0219i pasiune. \u263c Enduro Sadova Bucovina","breadcrumb":{"@id":"https:\/\/sadova.ro\/experiente\/experiente-outdoor\/evenimente\/#breadcrumb"},"inLanguage":"en-GB","potentialAction":[{"@type":"ReadAction","target":["https:\/\/sadova.ro\/experiente\/experiente-outdoor\/evenimente\/"]}]},{"@type":"ImageObject","inLanguage":"en-GB","@id":"https:\/\/sadova.ro\/experiente\/experiente-outdoor\/evenimente\/#primaryimage","url":"https:\/\/sadova.ro\/wp-content\/uploads\/2021\/01\/hard-enduro-1.jpg","contentUrl":"https:\/\/sadova.ro\/wp-content\/uploads\/2021\/01\/hard-enduro-1.jpg","width":1732,"height":778},{"@type":"BreadcrumbList","@id":"https:\/\/sadova.ro\/experiente\/experiente-outdoor\/evenimente\/#breadcrumb","itemListElement":[{"@type":"ListItem","position":1,"name":"Home","item":"https:\/\/sadova.ro\/"},{"@type":"ListItem","position":2,"name":"Experien\u0163e","item":"https:\/\/sadova.ro\/experiente\/"},{"@type":"ListItem","position":3,"name":"Experien\u0163e Outdoor","item":"https:\/\/sadova.ro\/experiente\/experiente-outdoor\/"},{"@type":"ListItem","position":4,"name":"Evenimente Sportive"}]},{"@type":"WebSite","@id":"https:\/\/sadova.ro\/#website","url":"https:\/\/sadova.ro\/","name":"Sadova","description":"Satul cu oameni frumosi","publisher":{"@id":"https:\/\/sadova.ro\/#organization"},"potentialAction":[{"@type":"SearchAction","target":{"@type":"EntryPoint","urlTemplate":"https:\/\/sadova.ro\/?s={search_term_string}"},"query-input":{"@type":"PropertyValueSpecification","valueRequired":true,"valueName":"search_term_string"}}],"inLanguage":"en-GB"},{"@type":"Organization","@id":"https:\/\/sadova.ro\/#organization","name":"Experience Sadova","url":"https:\/\/sadova.ro\/","logo":{"@type":"ImageObject","inLanguage":"en-GB","@id":"https:\/\/sadova.ro\/#\/schema\/logo\/image\/","url":"https:\/\/sadova.ro\/wp-content\/uploads\/2025\/08\/cropped-1casuta.png","contentUrl":"https:\/\/sadova.ro\/wp-content\/uploads\/2025\/08\/cropped-1casuta.png","width":512,"height":512,"caption":"Experience Sadova"},"image":{"@id":"https:\/\/sadova.ro\/#\/schema\/logo\/image\/"}}]}},"_links":{"self":[{"href":"https:\/\/sadova.ro\/en\/wp-json\/wp\/v2\/pages\/867","targetHints":{"allow":["GET"]}}],"collection":[{"href":"https:\/\/sadova.ro\/en\/wp-json\/wp\/v2\/pages"}],"about":[{"href":"https:\/\/sadova.ro\/en\/wp-json\/wp\/v2\/types\/page"}],"author":[{"embeddable":true,"href":"https:\/\/sadova.ro\/en\/wp-json\/wp\/v2\/users\/1"}],"replies":[{"embeddable":true,"href":"https:\/\/sadova.ro\/en\/wp-json\/wp\/v2\/comments?post=867"}],"version-history":[{"count":18,"href":"https:\/\/sadova.ro\/en\/wp-json\/wp\/v2\/pages\/867\/revisions"}],"predecessor-version":[{"id":3412,"href":"https:\/\/sadova.ro\/en\/wp-json\/wp\/v2\/pages\/867\/revisions\/3412"}],"up":[{"embeddable":true,"href":"https:\/\/sadova.ro\/en\/wp-json\/wp\/v2\/pages\/374"}],"wp:featuredmedia":[{"embeddable":true,"href":"https:\/\/sadova.ro\/en\/wp-json\/wp\/v2\/media\/988"}],"wp:attachment":[{"href":"https:\/\/sadova.ro\/en\/wp-json\/wp\/v2\/media?parent=867"}],"curies":[{"name":"wp","href":"https:\/\/api.w.org\/{rel}","templated":true}]}}