{"id":442,"date":"2021-01-13T18:25:07","date_gmt":"2021-01-13T18:25:07","guid":{"rendered":"https:\/\/sadova.ro\/?page_id=442"},"modified":"2024-09-04T07:47:53","modified_gmt":"2024-09-04T07:47:53","slug":"festivaluri-bucovina","status":"publish","type":"page","link":"https:\/\/sadova.ro\/en\/festivaluri-bucovina\/","title":{"rendered":"Festivals"},"content":{"rendered":"<div id='fullscreen_slider_1'  class='avia-fullscreen-slider main_color  av-mini-hide  avia-builder-el-0  el_before_av_slideshow_full  avia-builder-el-first   container_wrap fullsize' style=' '  ><a href='#next-section' title='' class='scroll-down-link av-control-default' aria-hidden='true' data-av_icon='\ue877' data-av_iconfont='entypo-fontello'><\/a><div   data-size='no scaling'  data-lightbox_size='large'  data-animation='slide'  data-conditional_play=''  data-ids='1271'  data-video_counter='0'  data-autoplay='false'  data-bg_slider='true'  data-slide_height='100'  data-handle='av_fullscreen'  data-interval='5'  data-class=' '  data-el_id=''  data-css_id='fullscreen_slider_1'  data-scroll_down='aviaTBscroll_down'  data-control_layout='av-control-default'  data-custom_markup=''  data-perma_caption=''  data-autoplay_stopper=''  data-image_attachment=''  data-min_height='0px'  data-lazy_loading='disabled'  data-stretch=''  class='avia-slideshow avia-slideshow-1 av-slider-scroll-down-active av-control-default av-default-height-applied avia-slideshow-no scaling av_fullscreen   avia-slide-slider'  itemprop=\"image\" itemscope=\"itemscope\" itemtype=\"https:\/\/schema.org\/ImageObject\" ><ul class='avia-slideshow-inner' style='padding-bottom: 66.650390625%;' ><li style='background-position:center center;' data-img-url='https:\/\/sadova.ro\/wp-content\/uploads\/2021\/01\/SARBAOTI-SADOVA-1.jpg' class='av-single-slide slide-1' ><div data-rel='slideshow-1' class='avia-slide-wrap'   ><div class = \"caption_fullwidth av-slideshow-caption caption_center caption_center_framed caption_framed\"><div class = \"container caption_container\"><div class = \"slideshow_caption\"><div class = \"slideshow_inner_caption\"><div class = \"slideshow_align_caption\"><h2  style='color:#ffffff; ' class='avia-caption-title'  itemprop=\"name\" >Festivals in Sadova<\/h2><\/div><\/div><\/div><\/div><\/div><\/div><\/li><\/ul><\/div><\/div>\n<div id='full_slider_1'  class='avia-fullwidth-slider main_color avia-shadow  av-desktop-hide av-medium-hide av-small-hide  avia-builder-el-1  el_after_av_fullscreen  el_before_av_section   slider-not-first container_wrap fullsize' style=' '  ><div   data-size='no scaling'  data-lightbox_size='large'  data-animation='slide'  data-conditional_play=''  data-ids='1271'  data-video_counter='0'  data-autoplay='false'  data-bg_slider='false'  data-slide_height=''  data-handle='av_slideshow_full'  data-interval='5'  data-class=' '  data-el_id=''  data-css_id=''  data-scroll_down=''  data-control_layout='av-control-default'  data-custom_markup=''  data-perma_caption=''  data-autoplay_stopper=''  data-image_attachment=''  data-min_height='0px'  data-lazy_loading='disabled'  data-src=''  data-position='top left'  data-repeat='no-repeat'  data-attach='scroll'  data-stretch=''  class='avia-slideshow avia-slideshow-2  av-control-default av-default-height-applied avia-slideshow-no scaling av_slideshow_full   avia-slide-slider'  itemprop=\"image\" itemscope=\"itemscope\" itemtype=\"https:\/\/schema.org\/ImageObject\" ><ul class='avia-slideshow-inner' style='padding-bottom: 66.650390625%;' ><li  class='av-single-slide slide-1' ><div data-rel='slideshow-2' class='avia-slide-wrap'   ><div class = \"caption_fullwidth av-slideshow-caption caption_center caption_center_framed caption_framed\"><div class = \"container caption_container\"><div class = \"slideshow_caption\"><div class = \"slideshow_inner_caption\"><div class = \"slideshow_align_caption\"><h2  class='avia-caption-title'  itemprop=\"name\" >Festivals in Sadova<\/h2><\/div><\/div><\/div><\/div><\/div><img decoding=\"async\" class=\"wp-image-1271 avia-img-lazy-loading-not-1271\"  src=\"https:\/\/sadova.ro\/wp-content\/uploads\/2021\/01\/SARBAOTI-SADOVA-1.jpg\" width=\"2048\" height=\"1365\" title='SARBAOTI SADOVA' alt=''  itemprop=\"thumbnailUrl\" srcset=\"https:\/\/sadova.ro\/wp-content\/uploads\/2021\/01\/SARBAOTI-SADOVA-1.jpg 2048w, https:\/\/sadova.ro\/wp-content\/uploads\/2021\/01\/SARBAOTI-SADOVA-1-300x200.jpg 300w, https:\/\/sadova.ro\/wp-content\/uploads\/2021\/01\/SARBAOTI-SADOVA-1-1030x686.jpg 1030w, https:\/\/sadova.ro\/wp-content\/uploads\/2021\/01\/SARBAOTI-SADOVA-1-768x512.jpg 768w, https:\/\/sadova.ro\/wp-content\/uploads\/2021\/01\/SARBAOTI-SADOVA-1-1536x1024.jpg 1536w, https:\/\/sadova.ro\/wp-content\/uploads\/2021\/01\/SARBAOTI-SADOVA-1-1500x1000.jpg 1500w, https:\/\/sadova.ro\/wp-content\/uploads\/2021\/01\/SARBAOTI-SADOVA-1-705x470.jpg 705w\" sizes=\"(max-width: 2048px) 100vw, 2048px\" \/><\/div><\/li><\/ul><\/div><\/div>\n<div id='av_section_1'  class='avia-section main_color avia-section-default avia-no-border-styling  avia-bg-style-scroll  avia-builder-el-2  el_after_av_slideshow_full  el_before_av_section   container_wrap fullsize' style=' '  ><div class='container' ><div class='template-page content  av-content-full alpha units'><div class='post-entry post-entry-type-page post-entry-442'><div class='entry-content-wrapper clearfix'>\n<div class=\"flex_column av_one_fifth  flex_column_div av-zero-column-padding first  avia-builder-el-3  el_before_av_three_fifth  avia-builder-el-first\" style='border-radius:0px; '><\/div><div class=\"flex_column av_three_fifth  flex_column_div av-zero-column-padding   avia-builder-el-4  el_after_av_one_fifth  el_before_av_one_fifth\" style='border-radius:0px; '><section class=\"av_textblock_section\"  itemscope=\"itemscope\" itemtype=\"https:\/\/schema.org\/CreativeWork\" ><div class='avia_textblock  av_inherit_color'  style='font-size:22px; color:#777777; '  itemprop=\"text\" ><p style=\"text-align: center;\">Life in Bukovina is marked by a series of events, celebrations and festivals that take place annually. These old traditions are well preserved in Sadova. There are many occasions for celebration; first of all, there are the religious holidays, Christmas, Easter and the feasts of important saints; then there are numerous ethno-folkloric festivals, usually linked to cyclical agrarian rituals; to these can be added numerous other cultural events and fairs.<\/p>\n<\/div><\/section><\/div><div class=\"flex_column av_one_fifth  flex_column_div av-zero-column-padding   avia-builder-el-6  el_after_av_three_fifth  avia-builder-el-last\" style='border-radius:0px; '><\/div>\n\n<\/div><\/div><\/div><!-- close content main div --><\/div><\/div><div id='av_section_2'  class='avia-section main_color avia-section-default avia-no-border-styling  avia-bg-style-scroll  avia-builder-el-7  el_after_av_section  el_before_av_section   container_wrap fullsize' style=' '  ><div class='container' ><div class='template-page content  av-content-full alpha units'><div class='post-entry post-entry-type-page post-entry-442'><div class='entry-content-wrapper clearfix'>\n<div class=\"flex_column av_one_half  flex_column_div av-zero-column-padding first  avia-builder-el-8  el_before_av_one_half  avia-builder-el-first\" style='border-radius:0px; '><div  class='avia-image-container  av-styling-    avia-builder-el-9  avia-builder-el-no-sibling  avia-align-center'  itemprop=\"image\" itemscope=\"itemscope\" itemtype=\"https:\/\/schema.org\/ImageObject\"  ><div class='avia-image-container-inner'><div class='avia-image-overlay-wrap'><img decoding=\"async\" class='wp-image-1500 avia-img-lazy-loading-not-1500 avia_image' src=\"https:\/\/sadova.ro\/wp-content\/uploads\/2021\/01\/DSC04969-1030x687.jpg\" alt='' title='DSC04969' height=\"687\" width=\"1030\"  itemprop=\"thumbnailUrl\" srcset=\"https:\/\/sadova.ro\/wp-content\/uploads\/2021\/01\/DSC04969-1030x687.jpg 1030w, https:\/\/sadova.ro\/wp-content\/uploads\/2021\/01\/DSC04969-300x200.jpg 300w, https:\/\/sadova.ro\/wp-content\/uploads\/2021\/01\/DSC04969-768x512.jpg 768w, https:\/\/sadova.ro\/wp-content\/uploads\/2021\/01\/DSC04969-1536x1024.jpg 1536w, https:\/\/sadova.ro\/wp-content\/uploads\/2021\/01\/DSC04969-2048x1365.jpg 2048w, https:\/\/sadova.ro\/wp-content\/uploads\/2021\/01\/DSC04969-1500x1000.jpg 1500w, https:\/\/sadova.ro\/wp-content\/uploads\/2021\/01\/DSC04969-705x470.jpg 705w, https:\/\/sadova.ro\/wp-content\/uploads\/2021\/01\/DSC04969-600x400.jpg 600w\" sizes=\"(max-width: 1030px) 100vw, 1030px\" \/><\/div><\/div><\/div><\/div><div class=\"flex_column av_one_half  flex_column_div av-zero-column-padding   avia-builder-el-10  el_after_av_one_half  avia-builder-el-last\" style='border-radius:0px; '><section class=\"av_textblock_section\"  itemscope=\"itemscope\" itemtype=\"https:\/\/schema.org\/CreativeWork\" ><div class='avia_textblock'  style='font-size:20px; '  itemprop=\"text\" ><h2><span style=\"color: #808080;\">Day of Sadova<\/span><\/h2>\n<p><span style=\"font-weight: 400; color: #808080;\">Sadova Day has already become a tradition. During the event, participants can enjoy an extraordinary folklore show, fun and good cheer. Occasionally, the festival starts with the celebration of families who have become role models and landmarks of the local community.<\/span><\/p>\n<\/div><\/section><br \/>\n<div  class='avia-button-wrap avia-button-left  avia-builder-el-12  el_after_av_textblock  avia-builder-el-last' ><a href='https:\/\/sadova.ro\/en\/zilele-comunei-sadova\/'  class='avia-button  avia-color-theme-color   avia-icon_select-no avia-size-small avia-position-left'   ><span class='avia_iconbox_title' >Zilele Comunei Sadova 2024<\/span><\/a><\/div><\/p><\/div><\/div><\/div><\/div><!-- close content main div --><\/div><\/div><div id='av_section_3'  class='avia-section main_color avia-section-default avia-no-border-styling  avia-bg-style-scroll  avia-builder-el-13  el_after_av_section  el_before_av_section   container_wrap fullsize' style=' '  ><div class='container' ><div class='template-page content  av-content-full alpha units'><div class='post-entry post-entry-type-page post-entry-442'><div class='entry-content-wrapper clearfix'>\n<div class=\"flex_column av_one_half  flex_column_div av-zero-column-padding first  avia-builder-el-14  el_before_av_one_half  avia-builder-el-first\" style='border-radius:0px; '><div  class='avia-image-container  av-styling-    avia-builder-el-15  avia-builder-el-no-sibling  avia-align-center'  itemprop=\"image\" itemscope=\"itemscope\" itemtype=\"https:\/\/schema.org\/ImageObject\"  ><div class='avia-image-container-inner'><div class='avia-image-overlay-wrap'><img decoding=\"async\" class='wp-image-1506 avia-img-lazy-loading-not-1506 avia_image' src=\"https:\/\/sadova.ro\/wp-content\/uploads\/2021\/01\/20190907_134322-scaled.jpg\" alt='' title='Festival Muzica Populara' height=\"1440\" width=\"2560\"  itemprop=\"thumbnailUrl\" srcset=\"https:\/\/sadova.ro\/wp-content\/uploads\/2021\/01\/20190907_134322-scaled.jpg 2560w, https:\/\/sadova.ro\/wp-content\/uploads\/2021\/01\/20190907_134322-300x169.jpg 300w, https:\/\/sadova.ro\/wp-content\/uploads\/2021\/01\/20190907_134322-1030x579.jpg 1030w, https:\/\/sadova.ro\/wp-content\/uploads\/2021\/01\/20190907_134322-768x432.jpg 768w, https:\/\/sadova.ro\/wp-content\/uploads\/2021\/01\/20190907_134322-1536x864.jpg 1536w, https:\/\/sadova.ro\/wp-content\/uploads\/2021\/01\/20190907_134322-2048x1152.jpg 2048w, https:\/\/sadova.ro\/wp-content\/uploads\/2021\/01\/20190907_134322-1500x844.jpg 1500w, https:\/\/sadova.ro\/wp-content\/uploads\/2021\/01\/20190907_134322-705x397.jpg 705w, https:\/\/sadova.ro\/wp-content\/uploads\/2021\/01\/20190907_134322-600x338.jpg 600w\" sizes=\"(max-width: 2560px) 100vw, 2560px\" \/><\/div><\/div><\/div><\/div><div class=\"flex_column av_one_half  flex_column_div av-zero-column-padding   avia-builder-el-16  el_after_av_one_half  avia-builder-el-last\" style='border-radius:0px; '><section class=\"av_textblock_section\"  itemscope=\"itemscope\" itemtype=\"https:\/\/schema.org\/CreativeWork\" ><div class='avia_textblock'  style='font-size:20px; '  itemprop=\"text\" ><h2><span style=\"color: #808080;\">Maria Surpat Folk Song Festival - Mina P\u00e2slaru<\/span><\/h2>\n<p><span style=\"font-weight: 400; color: #808080;\">Another cultural event not to be missed in Sadova is the \"Maria Surpat - Mina P\u00e2slaru\" Inter-County Folk Song Festival-Contest, which aims to preserve traditional culture. <\/span><\/p>\n<\/div><\/section><\/div><\/div><\/div><\/div><!-- close content main div --><\/div><\/div><div id='av_section_4'  class='avia-section main_color avia-section-default avia-no-border-styling  avia-bg-style-scroll  avia-builder-el-18  el_after_av_section  avia-builder-el-last   container_wrap fullsize' style=' '  ><div class='container' ><div class='template-page content  av-content-full alpha units'><div class='post-entry post-entry-type-page post-entry-442'><div class='entry-content-wrapper clearfix'>\n<div class=\"flex_column av_one_half  flex_column_div av-zero-column-padding first  avia-builder-el-19  el_before_av_one_half  avia-builder-el-first\" style='border-radius:0px; '><div  class='avia-image-container  av-styling-    avia-builder-el-20  avia-builder-el-no-sibling  avia-align-center'  itemprop=\"image\" itemscope=\"itemscope\" itemtype=\"https:\/\/schema.org\/ImageObject\"  ><div class='avia-image-container-inner'><div class='avia-image-overlay-wrap'><img decoding=\"async\" class='wp-image-1507 avia-img-lazy-loading-not-1507 avia_image' src=\"https:\/\/sadova.ro\/wp-content\/uploads\/2021\/01\/18055878_1410991362325638_9020599847326228665_o.jpg\" alt='' title='Balul Gospodarilor Sadova' height=\"635\" width=\"960\"  itemprop=\"thumbnailUrl\" srcset=\"https:\/\/sadova.ro\/wp-content\/uploads\/2021\/01\/18055878_1410991362325638_9020599847326228665_o.jpg 960w, https:\/\/sadova.ro\/wp-content\/uploads\/2021\/01\/18055878_1410991362325638_9020599847326228665_o-300x198.jpg 300w, https:\/\/sadova.ro\/wp-content\/uploads\/2021\/01\/18055878_1410991362325638_9020599847326228665_o-768x508.jpg 768w, https:\/\/sadova.ro\/wp-content\/uploads\/2021\/01\/18055878_1410991362325638_9020599847326228665_o-705x466.jpg 705w, https:\/\/sadova.ro\/wp-content\/uploads\/2021\/01\/18055878_1410991362325638_9020599847326228665_o-600x397.jpg 600w\" sizes=\"(max-width: 960px) 100vw, 960px\" \/><\/div><\/div><\/div><\/div><div class=\"flex_column av_one_half  flex_column_div av-zero-column-padding   avia-builder-el-21  el_after_av_one_half  avia-builder-el-last\" style='border-radius:0px; '><section class=\"av_textblock_section\"  itemscope=\"itemscope\" itemtype=\"https:\/\/schema.org\/CreativeWork\" ><div class='avia_textblock'  style='font-size:20px; '  itemprop=\"text\" ><h2><span style=\"color: #808080;\">The Housekeepers' Ball<\/span><\/h2>\n<p><span style=\"font-weight: 400; color: #808080;\">Probably one of the liveliest events you can attend if you visit Bucovina is the ''Ball of the Housekeepers''. The event, attended by several hundred guests dressed in folk costumes, is held annually with the aim of preserving and transmitting to the younger generations, according to the ancient custom, the traditional folk songs and games, the ancestral language, traditions and culture of Bucovina.<\/span><\/p>\n<\/div><\/section><\/div>\n<\/p>","protected":false},"excerpt":{"rendered":"","protected":false},"author":1,"featured_media":1269,"parent":0,"menu_order":0,"comment_status":"closed","ping_status":"closed","template":"","meta":{"footnotes":""},"class_list":["post-442","page","type-page","status-publish","has-post-thumbnail","hentry"],"yoast_head":"<!-- This site is optimized with the Yoast SEO plugin v27.4 - https:\/\/yoast.com\/product\/yoast-seo-wordpress\/ -->\n<title>Festivaluri - Sadova Bucovina | Evenimente \u0219i festivaluri<\/title>\n<meta name=\"description\" content=\"Via\u0163a \u00een Bucovina este marcat\u0103 de o serie de evenimente, s\u0103rb\u0103tori \u015fi festivaluri. \u263c Aceste tradi\u0163ii vechi sunt bine p\u0103strate \u00een Sadova.\" \/>\n<meta name=\"robots\" content=\"index, follow, max-snippet:-1, max-image-preview:large, max-video-preview:-1\" \/>\n<link rel=\"canonical\" href=\"https:\/\/sadova.ro\/en\/festivaluri-bucovina\/\" \/>\n<meta property=\"og:locale\" content=\"en_GB\" \/>\n<meta property=\"og:type\" content=\"article\" \/>\n<meta property=\"og:title\" content=\"Festivaluri - Sadova Bucovina | Evenimente \u0219i festivaluri\" \/>\n<meta property=\"og:description\" content=\"Via\u0163a \u00een Bucovina este marcat\u0103 de o serie de evenimente, s\u0103rb\u0103tori \u015fi festivaluri. \u263c Aceste tradi\u0163ii vechi sunt bine p\u0103strate \u00een Sadova.\" \/>\n<meta property=\"og:url\" content=\"https:\/\/sadova.ro\/en\/festivaluri-bucovina\/\" \/>\n<meta property=\"og:site_name\" content=\"Sadova\" \/>\n<meta property=\"article:modified_time\" content=\"2024-09-04T07:47:53+00:00\" \/>\n<meta property=\"og:image\" content=\"https:\/\/sadova.ro\/wp-content\/uploads\/2021\/01\/SARBAOTI-SADOVA.jpg\" \/>\n\t<meta property=\"og:image:width\" content=\"2048\" \/>\n\t<meta property=\"og:image:height\" content=\"1365\" \/>\n\t<meta property=\"og:image:type\" content=\"image\/jpeg\" \/>\n<meta name=\"twitter:card\" content=\"summary_large_image\" \/>\n<meta name=\"twitter:label1\" content=\"Estimated reading time\" \/>\n\t<meta name=\"twitter:data1\" content=\"5 minutes\" \/>\n<script type=\"application\/ld+json\" class=\"yoast-schema-graph\">{\"@context\":\"https:\\\/\\\/schema.org\",\"@graph\":[{\"@type\":\"WebPage\",\"@id\":\"https:\\\/\\\/sadova.ro\\\/festivaluri-bucovina\\\/\",\"url\":\"https:\\\/\\\/sadova.ro\\\/festivaluri-bucovina\\\/\",\"name\":\"Festivaluri - Sadova Bucovina | Evenimente \u0219i festivaluri\",\"isPartOf\":{\"@id\":\"https:\\\/\\\/sadova.ro\\\/#website\"},\"primaryImageOfPage\":{\"@id\":\"https:\\\/\\\/sadova.ro\\\/festivaluri-bucovina\\\/#primaryimage\"},\"image\":{\"@id\":\"https:\\\/\\\/sadova.ro\\\/festivaluri-bucovina\\\/#primaryimage\"},\"thumbnailUrl\":\"https:\\\/\\\/sadova.ro\\\/wp-content\\\/uploads\\\/2021\\\/01\\\/SARBAOTI-SADOVA.jpg\",\"datePublished\":\"2021-01-13T18:25:07+00:00\",\"dateModified\":\"2024-09-04T07:47:53+00:00\",\"description\":\"Via\u0163a \u00een Bucovina este marcat\u0103 de o serie de evenimente, s\u0103rb\u0103tori \u015fi festivaluri. \u263c Aceste tradi\u0163ii vechi sunt bine p\u0103strate \u00een Sadova.\",\"breadcrumb\":{\"@id\":\"https:\\\/\\\/sadova.ro\\\/festivaluri-bucovina\\\/#breadcrumb\"},\"inLanguage\":\"en-GB\",\"potentialAction\":[{\"@type\":\"ReadAction\",\"target\":[\"https:\\\/\\\/sadova.ro\\\/festivaluri-bucovina\\\/\"]}]},{\"@type\":\"ImageObject\",\"inLanguage\":\"en-GB\",\"@id\":\"https:\\\/\\\/sadova.ro\\\/festivaluri-bucovina\\\/#primaryimage\",\"url\":\"https:\\\/\\\/sadova.ro\\\/wp-content\\\/uploads\\\/2021\\\/01\\\/SARBAOTI-SADOVA.jpg\",\"contentUrl\":\"https:\\\/\\\/sadova.ro\\\/wp-content\\\/uploads\\\/2021\\\/01\\\/SARBAOTI-SADOVA.jpg\",\"width\":2048,\"height\":1365},{\"@type\":\"BreadcrumbList\",\"@id\":\"https:\\\/\\\/sadova.ro\\\/festivaluri-bucovina\\\/#breadcrumb\",\"itemListElement\":[{\"@type\":\"ListItem\",\"position\":1,\"name\":\"Home\",\"item\":\"https:\\\/\\\/sadova.ro\\\/\"},{\"@type\":\"ListItem\",\"position\":2,\"name\":\"Festivaluri\"}]},{\"@type\":\"WebSite\",\"@id\":\"https:\\\/\\\/sadova.ro\\\/#website\",\"url\":\"https:\\\/\\\/sadova.ro\\\/\",\"name\":\"Sadova\",\"description\":\"Satul cu oameni frumosi\",\"publisher\":{\"@id\":\"https:\\\/\\\/sadova.ro\\\/#organization\"},\"potentialAction\":[{\"@type\":\"SearchAction\",\"target\":{\"@type\":\"EntryPoint\",\"urlTemplate\":\"https:\\\/\\\/sadova.ro\\\/?s={search_term_string}\"},\"query-input\":{\"@type\":\"PropertyValueSpecification\",\"valueRequired\":true,\"valueName\":\"search_term_string\"}}],\"inLanguage\":\"en-GB\"},{\"@type\":\"Organization\",\"@id\":\"https:\\\/\\\/sadova.ro\\\/#organization\",\"name\":\"Experience Sadova\",\"url\":\"https:\\\/\\\/sadova.ro\\\/\",\"logo\":{\"@type\":\"ImageObject\",\"inLanguage\":\"en-GB\",\"@id\":\"https:\\\/\\\/sadova.ro\\\/#\\\/schema\\\/logo\\\/image\\\/\",\"url\":\"https:\\\/\\\/sadova.ro\\\/wp-content\\\/uploads\\\/2025\\\/08\\\/cropped-1casuta.png\",\"contentUrl\":\"https:\\\/\\\/sadova.ro\\\/wp-content\\\/uploads\\\/2025\\\/08\\\/cropped-1casuta.png\",\"width\":512,\"height\":512,\"caption\":\"Experience Sadova\"},\"image\":{\"@id\":\"https:\\\/\\\/sadova.ro\\\/#\\\/schema\\\/logo\\\/image\\\/\"}}]}<\/script>\n<!-- \/ Yoast SEO plugin. -->","yoast_head_json":{"title":"Festivaluri - Sadova Bucovina | Evenimente \u0219i festivaluri","description":"Via\u0163a \u00een Bucovina este marcat\u0103 de o serie de evenimente, s\u0103rb\u0103tori \u015fi festivaluri. \u263c Aceste tradi\u0163ii vechi sunt bine p\u0103strate \u00een Sadova.","robots":{"index":"index","follow":"follow","max-snippet":"max-snippet:-1","max-image-preview":"max-image-preview:large","max-video-preview":"max-video-preview:-1"},"canonical":"https:\/\/sadova.ro\/en\/festivaluri-bucovina\/","og_locale":"en_GB","og_type":"article","og_title":"Festivaluri - Sadova Bucovina | Evenimente \u0219i festivaluri","og_description":"Via\u0163a \u00een Bucovina este marcat\u0103 de o serie de evenimente, s\u0103rb\u0103tori \u015fi festivaluri. \u263c Aceste tradi\u0163ii vechi sunt bine p\u0103strate \u00een Sadova.","og_url":"https:\/\/sadova.ro\/en\/festivaluri-bucovina\/","og_site_name":"Sadova","article_modified_time":"2024-09-04T07:47:53+00:00","og_image":[{"width":2048,"height":1365,"url":"https:\/\/sadova.ro\/wp-content\/uploads\/2021\/01\/SARBAOTI-SADOVA.jpg","type":"image\/jpeg"}],"twitter_card":"summary_large_image","twitter_misc":{"Estimated reading time":"5 minutes"},"schema":{"@context":"https:\/\/schema.org","@graph":[{"@type":"WebPage","@id":"https:\/\/sadova.ro\/festivaluri-bucovina\/","url":"https:\/\/sadova.ro\/festivaluri-bucovina\/","name":"Festivaluri - Sadova Bucovina | Evenimente \u0219i festivaluri","isPartOf":{"@id":"https:\/\/sadova.ro\/#website"},"primaryImageOfPage":{"@id":"https:\/\/sadova.ro\/festivaluri-bucovina\/#primaryimage"},"image":{"@id":"https:\/\/sadova.ro\/festivaluri-bucovina\/#primaryimage"},"thumbnailUrl":"https:\/\/sadova.ro\/wp-content\/uploads\/2021\/01\/SARBAOTI-SADOVA.jpg","datePublished":"2021-01-13T18:25:07+00:00","dateModified":"2024-09-04T07:47:53+00:00","description":"Via\u0163a \u00een Bucovina este marcat\u0103 de o serie de evenimente, s\u0103rb\u0103tori \u015fi festivaluri. \u263c Aceste tradi\u0163ii vechi sunt bine p\u0103strate \u00een Sadova.","breadcrumb":{"@id":"https:\/\/sadova.ro\/festivaluri-bucovina\/#breadcrumb"},"inLanguage":"en-GB","potentialAction":[{"@type":"ReadAction","target":["https:\/\/sadova.ro\/festivaluri-bucovina\/"]}]},{"@type":"ImageObject","inLanguage":"en-GB","@id":"https:\/\/sadova.ro\/festivaluri-bucovina\/#primaryimage","url":"https:\/\/sadova.ro\/wp-content\/uploads\/2021\/01\/SARBAOTI-SADOVA.jpg","contentUrl":"https:\/\/sadova.ro\/wp-content\/uploads\/2021\/01\/SARBAOTI-SADOVA.jpg","width":2048,"height":1365},{"@type":"BreadcrumbList","@id":"https:\/\/sadova.ro\/festivaluri-bucovina\/#breadcrumb","itemListElement":[{"@type":"ListItem","position":1,"name":"Home","item":"https:\/\/sadova.ro\/"},{"@type":"ListItem","position":2,"name":"Festivaluri"}]},{"@type":"WebSite","@id":"https:\/\/sadova.ro\/#website","url":"https:\/\/sadova.ro\/","name":"Sadova","description":"Satul cu oameni frumosi","publisher":{"@id":"https:\/\/sadova.ro\/#organization"},"potentialAction":[{"@type":"SearchAction","target":{"@type":"EntryPoint","urlTemplate":"https:\/\/sadova.ro\/?s={search_term_string}"},"query-input":{"@type":"PropertyValueSpecification","valueRequired":true,"valueName":"search_term_string"}}],"inLanguage":"en-GB"},{"@type":"Organization","@id":"https:\/\/sadova.ro\/#organization","name":"Experience Sadova","url":"https:\/\/sadova.ro\/","logo":{"@type":"ImageObject","inLanguage":"en-GB","@id":"https:\/\/sadova.ro\/#\/schema\/logo\/image\/","url":"https:\/\/sadova.ro\/wp-content\/uploads\/2025\/08\/cropped-1casuta.png","contentUrl":"https:\/\/sadova.ro\/wp-content\/uploads\/2025\/08\/cropped-1casuta.png","width":512,"height":512,"caption":"Experience Sadova"},"image":{"@id":"https:\/\/sadova.ro\/#\/schema\/logo\/image\/"}}]}},"_links":{"self":[{"href":"https:\/\/sadova.ro\/en\/wp-json\/wp\/v2\/pages\/442","targetHints":{"allow":["GET"]}}],"collection":[{"href":"https:\/\/sadova.ro\/en\/wp-json\/wp\/v2\/pages"}],"about":[{"href":"https:\/\/sadova.ro\/en\/wp-json\/wp\/v2\/types\/page"}],"author":[{"embeddable":true,"href":"https:\/\/sadova.ro\/en\/wp-json\/wp\/v2\/users\/1"}],"replies":[{"embeddable":true,"href":"https:\/\/sadova.ro\/en\/wp-json\/wp\/v2\/comments?post=442"}],"version-history":[{"count":16,"href":"https:\/\/sadova.ro\/en\/wp-json\/wp\/v2\/pages\/442\/revisions"}],"predecessor-version":[{"id":5389,"href":"https:\/\/sadova.ro\/en\/wp-json\/wp\/v2\/pages\/442\/revisions\/5389"}],"wp:featuredmedia":[{"embeddable":true,"href":"https:\/\/sadova.ro\/en\/wp-json\/wp\/v2\/media\/1269"}],"wp:attachment":[{"href":"https:\/\/sadova.ro\/en\/wp-json\/wp\/v2\/media?parent=442"}],"curies":[{"name":"wp","href":"https:\/\/api.w.org\/{rel}","templated":true}]}}