{"id":374,"date":"2021-01-13T13:40:54","date_gmt":"2021-01-13T13:40:54","guid":{"rendered":"https:\/\/sadova.ro\/?page_id=374"},"modified":"2021-06-22T08:43:04","modified_gmt":"2021-06-22T08:43:04","slug":"experiente-outdoor","status":"publish","type":"page","link":"https:\/\/sadova.ro\/en\/experiente\/experiente-outdoor\/","title":{"rendered":"Outdoor Experiences"},"content":{"rendered":"<div id='fullscreen_slider_1'  class='avia-fullscreen-slider main_color  av-mini-hide  avia-builder-el-0  el_before_av_slideshow_full  avia-builder-el-first   container_wrap fullsize' style=' '  ><a href='#next-section' title='' class='scroll-down-link av-control-default' aria-hidden='true' data-av_icon='\ue877' data-av_iconfont='entypo-fontello'><\/a><div   data-size='no scaling'  data-lightbox_size='large'  data-animation='slide'  data-conditional_play=''  data-ids='1215'  data-video_counter='0'  data-autoplay='false'  data-bg_slider='true'  data-slide_height='100'  data-handle='av_fullscreen'  data-interval='5'  data-class=' '  data-el_id=''  data-css_id='fullscreen_slider_1'  data-scroll_down='aviaTBscroll_down'  data-control_layout='av-control-default'  data-custom_markup=''  data-perma_caption='aviaTBperma_caption'  data-autoplay_stopper=''  data-image_attachment='fixed'  data-min_height='0px'  data-lazy_loading='disabled'  data-stretch=''  class='avia-slideshow avia-slideshow-1 av-slider-scroll-down-active av-control-default av-default-height-applied avia-slideshow-no scaling av_fullscreen   avia-slide-slider'  itemprop=\"image\" itemscope=\"itemscope\" itemtype=\"https:\/\/schema.org\/ImageObject\" ><ul class='avia-slideshow-inner' style='padding-bottom: 75%;' ><li style='background-position:center center;' data-img-url='https:\/\/sadova.ro\/wp-content\/uploads\/2021\/01\/sadova-forest-scaled.jpg' class='av-single-slide slide-1' ><div data-rel='slideshow-1' class='avia-slide-wrap'   ><div class='av-section-color-overlay' style='opacity: 0.5; '><\/div><\/div><\/li><\/ul><div class = \"caption_fullwidth av-slideshow-caption caption_center\"><div class = \"container caption_container\"><div class = \"slideshow_caption\"><div class = \"slideshow_inner_caption\"><div class = \"slideshow_align_caption\"><h2  class='avia-caption-title'  itemprop=\"name\" >Outdoor Experiences<\/h2><div class='avia-caption-content'  itemprop=\"description\"  ><p>Sadova<\/p>\n<\/div><a href='https:\/\/sadova.ro\/en\/experiente-sportive\/'  class='avia-slideshow-button avia-button avia-color-light avia-multi-slideshow-button' data-duration='800' data-easing='easeInOutQuad'>Sports Activities<\/a><a href='https:\/\/sadova.ro\/en\/experiente-outdoor-recreative\/'  class='avia-slideshow-button avia-button avia-color-light avia-multi-slideshow-button avia-slideshow-button-2' data-duration='800' data-easing='easeInOutQuad'>Recreational Activities<\/a><\/div><\/div><\/div><\/div><\/div><\/div><\/div>\n<div id='full_slider_1'  class='avia-fullwidth-slider main_color avia-shadow  av-desktop-hide av-medium-hide av-small-hide  avia-builder-el-1  el_after_av_fullscreen  el_before_av_section   slider-not-first container_wrap fullsize' style=' '  ><div   data-size='no scaling'  data-lightbox_size='large'  data-animation='slide'  data-conditional_play=''  data-ids='1215'  data-video_counter='0'  data-autoplay='false'  data-bg_slider='false'  data-slide_height=''  data-handle='av_slideshow_full'  data-interval='5'  data-class=' '  data-el_id=''  data-css_id=''  data-scroll_down=''  data-control_layout='av-control-default'  data-custom_markup=''  data-perma_caption=''  data-autoplay_stopper=''  data-image_attachment=''  data-min_height='0px'  data-lazy_loading='disabled'  data-src=''  data-position='top left'  data-repeat='no-repeat'  data-attach='scroll'  data-stretch=''  class='avia-slideshow avia-slideshow-2  av-control-default av-default-height-applied avia-slideshow-no scaling av_slideshow_full   avia-slide-slider'  itemprop=\"image\" itemscope=\"itemscope\" itemtype=\"https:\/\/schema.org\/ImageObject\" ><ul class='avia-slideshow-inner' style='padding-bottom: 75%;' ><li  class='av-single-slide slide-1' ><div data-rel='slideshow-2' class='avia-slide-wrap'   ><div class = \"caption_fullwidth av-slideshow-caption caption_left caption_left_framed caption_framed\"><div class = \"container caption_container\"><div class = \"slideshow_caption\"><div class = \"slideshow_inner_caption\"><div class = \"slideshow_align_caption\"><h2  class='avia-caption-title'  itemprop=\"name\" >Outdoor Experiences<\/h2><br\/><a href='https:\/\/sadova.ro\/en\/experiente-sportive\/'  class='avia-slideshow-button avia-button avia-color-light avia-multi-slideshow-button' data-duration='800' data-easing='easeInOutQuad'>Sports Activities          <\/a><a href='https:\/\/sadova.ro\/en\/experiente-outdoor-recreative\/'  class='avia-slideshow-button avia-button avia-color-light avia-multi-slideshow-button avia-slideshow-button-2' data-duration='800' data-easing='easeInOutQuad'>Recreational Activities<\/a><\/div><\/div><\/div><\/div><\/div><img decoding=\"async\" class=\"wp-image-1215 avia-img-lazy-loading-not-1215\"  src=\"https:\/\/sadova.ro\/wp-content\/uploads\/2021\/01\/sadova-forest-scaled.jpg\" width=\"2560\" height=\"1920\" title='Sadova Bucovina Outdoor' alt='Sadova, satul cu oameni frumosi, Bucovina.'  itemprop=\"thumbnailUrl\" srcset=\"https:\/\/sadova.ro\/wp-content\/uploads\/2021\/01\/sadova-forest-scaled.jpg 2560w, https:\/\/sadova.ro\/wp-content\/uploads\/2021\/01\/sadova-forest-300x225.jpg 300w, https:\/\/sadova.ro\/wp-content\/uploads\/2021\/01\/sadova-forest-1030x773.jpg 1030w, https:\/\/sadova.ro\/wp-content\/uploads\/2021\/01\/sadova-forest-768x576.jpg 768w, https:\/\/sadova.ro\/wp-content\/uploads\/2021\/01\/sadova-forest-1536x1152.jpg 1536w, https:\/\/sadova.ro\/wp-content\/uploads\/2021\/01\/sadova-forest-2048x1536.jpg 2048w, https:\/\/sadova.ro\/wp-content\/uploads\/2021\/01\/sadova-forest-1500x1125.jpg 1500w, https:\/\/sadova.ro\/wp-content\/uploads\/2021\/01\/sadova-forest-705x529.jpg 705w\" sizes=\"(max-width: 2560px) 100vw, 2560px\" \/><\/div><\/li><\/ul><\/div><\/div>\n<div id='av_section_1'  class='avia-section main_color avia-section-default avia-no-border-styling  avia-bg-style-scroll  avia-builder-el-2  el_after_av_slideshow_full  avia-builder-el-last   container_wrap fullsize' style=' '  ><div class='container' ><div class='template-page content  av-content-full alpha units'><div class='post-entry post-entry-type-page post-entry-374'><div class='entry-content-wrapper clearfix'>\n<div class=\"flex_column av_one_fifth  flex_column_div av-zero-column-padding first  avia-builder-el-3  el_before_av_three_fifth  avia-builder-el-first\" style='border-radius:0px; '><\/div><div class=\"flex_column av_three_fifth  flex_column_div av-zero-column-padding   avia-builder-el-4  el_after_av_one_fifth  el_before_av_one_fifth\" style='border-radius:0px; '><section class=\"av_textblock_section\"  itemscope=\"itemscope\" itemtype=\"https:\/\/schema.org\/CreativeWork\" ><div class='avia_textblock'  style='font-size:22px; '  itemprop=\"text\" ><p style=\"text-align: center;\"><span style=\"color: #808080;\"><span class=\"JLqJ4b ChMk0b\" data-language-for-alternatives=\"ro\" data-language-to-translate-into=\"en\" data-phrase-index=\"0\">Bucovina is a real revelation for active tourists who enjoy outdoor activities and relaxation.<\/span> <span class=\"JLqJ4b ChMk0b\" data-language-for-alternatives=\"ro\" data-language-to-translate-into=\"en\" data-phrase-index=\"1\">It is a paradise for those who consider the mountain and its surroundings a soul friend, eager to entertain all those fascinated by adventure.<\/span> <span class=\"JLqJ4b ChMk0b\" data-language-for-alternatives=\"ro\" data-language-to-translate-into=\"en\" data-phrase-index=\"2\">You will discover the beauty of unspoiled nature, with mountain biking, running, or hiking trails, whatever season you decide to visit.<\/span> In Sadova, the landscapes are overwhelming!<\/span><\/p>\n<\/div><\/section><\/div><div class=\"flex_column av_one_fifth  flex_column_div av-zero-column-padding   avia-builder-el-6  el_after_av_three_fifth  avia-builder-el-last\" style='border-radius:0px; '><\/div>","protected":false},"excerpt":{"rendered":"","protected":false},"author":1,"featured_media":1215,"parent":83,"menu_order":0,"comment_status":"closed","ping_status":"closed","template":"","meta":{"footnotes":""},"class_list":["post-374","page","type-page","status-publish","has-post-thumbnail","hentry"],"yoast_head":"<!-- This site is optimized with the Yoast SEO plugin v27.4 - https:\/\/yoast.com\/product\/yoast-seo-wordpress\/ -->\n<title>Experien\u0163e Outdoor - Sadova Bucovina | Sport \u0219i relaxare<\/title>\n<meta name=\"description\" content=\"Bucovina este o adev\u0103rat\u0103 revela\u021bie pentru turi\u015ftii activi care se bucur\u0103 de activit\u0103\u021bi \u00een aer liber. \u263c Descoper\u0103 experien\u021bele outdoor.\" \/>\n<meta name=\"robots\" content=\"index, follow, max-snippet:-1, max-image-preview:large, max-video-preview:-1\" \/>\n<link rel=\"canonical\" href=\"https:\/\/sadova.ro\/en\/experiente\/experiente-outdoor\/\" \/>\n<meta property=\"og:locale\" content=\"en_GB\" \/>\n<meta property=\"og:type\" content=\"article\" \/>\n<meta property=\"og:title\" content=\"Experien\u0163e Outdoor - Sadova Bucovina | Sport \u0219i relaxare\" \/>\n<meta property=\"og:description\" content=\"Bucovina este o adev\u0103rat\u0103 revela\u021bie pentru turi\u015ftii activi care se bucur\u0103 de activit\u0103\u021bi \u00een aer liber. \u263c Descoper\u0103 experien\u021bele outdoor.\" \/>\n<meta property=\"og:url\" content=\"https:\/\/sadova.ro\/en\/experiente\/experiente-outdoor\/\" \/>\n<meta property=\"og:site_name\" content=\"Sadova\" \/>\n<meta property=\"article:modified_time\" content=\"2021-06-22T08:43:04+00:00\" \/>\n<meta property=\"og:image\" content=\"https:\/\/sadova.ro\/wp-content\/uploads\/2021\/01\/sadova-forest-1030x773.jpg\" \/>\n\t<meta property=\"og:image:width\" content=\"1030\" \/>\n\t<meta property=\"og:image:height\" content=\"773\" \/>\n\t<meta property=\"og:image:type\" content=\"image\/jpeg\" \/>\n<meta name=\"twitter:card\" content=\"summary_large_image\" \/>\n<meta name=\"twitter:label1\" content=\"Estimated reading time\" \/>\n\t<meta name=\"twitter:data1\" content=\"2 minutes\" \/>\n<script type=\"application\/ld+json\" class=\"yoast-schema-graph\">{\"@context\":\"https:\\\/\\\/schema.org\",\"@graph\":[{\"@type\":\"WebPage\",\"@id\":\"https:\\\/\\\/sadova.ro\\\/experiente\\\/experiente-outdoor\\\/\",\"url\":\"https:\\\/\\\/sadova.ro\\\/experiente\\\/experiente-outdoor\\\/\",\"name\":\"Experien\u0163e Outdoor - Sadova Bucovina | Sport \u0219i relaxare\",\"isPartOf\":{\"@id\":\"https:\\\/\\\/sadova.ro\\\/#website\"},\"primaryImageOfPage\":{\"@id\":\"https:\\\/\\\/sadova.ro\\\/experiente\\\/experiente-outdoor\\\/#primaryimage\"},\"image\":{\"@id\":\"https:\\\/\\\/sadova.ro\\\/experiente\\\/experiente-outdoor\\\/#primaryimage\"},\"thumbnailUrl\":\"https:\\\/\\\/sadova.ro\\\/wp-content\\\/uploads\\\/2021\\\/01\\\/sadova-forest-scaled.jpg\",\"datePublished\":\"2021-01-13T13:40:54+00:00\",\"dateModified\":\"2021-06-22T08:43:04+00:00\",\"description\":\"Bucovina este o adev\u0103rat\u0103 revela\u021bie pentru turi\u015ftii activi care se bucur\u0103 de activit\u0103\u021bi \u00een aer liber. \u263c Descoper\u0103 experien\u021bele outdoor.\",\"breadcrumb\":{\"@id\":\"https:\\\/\\\/sadova.ro\\\/experiente\\\/experiente-outdoor\\\/#breadcrumb\"},\"inLanguage\":\"en-GB\",\"potentialAction\":[{\"@type\":\"ReadAction\",\"target\":[\"https:\\\/\\\/sadova.ro\\\/experiente\\\/experiente-outdoor\\\/\"]}]},{\"@type\":\"ImageObject\",\"inLanguage\":\"en-GB\",\"@id\":\"https:\\\/\\\/sadova.ro\\\/experiente\\\/experiente-outdoor\\\/#primaryimage\",\"url\":\"https:\\\/\\\/sadova.ro\\\/wp-content\\\/uploads\\\/2021\\\/01\\\/sadova-forest-scaled.jpg\",\"contentUrl\":\"https:\\\/\\\/sadova.ro\\\/wp-content\\\/uploads\\\/2021\\\/01\\\/sadova-forest-scaled.jpg\",\"width\":2560,\"height\":1920,\"caption\":\"Sadova, satul cu oameni frumosi, Bucovina. Experiente Outdoor.\"},{\"@type\":\"BreadcrumbList\",\"@id\":\"https:\\\/\\\/sadova.ro\\\/experiente\\\/experiente-outdoor\\\/#breadcrumb\",\"itemListElement\":[{\"@type\":\"ListItem\",\"position\":1,\"name\":\"Home\",\"item\":\"https:\\\/\\\/sadova.ro\\\/\"},{\"@type\":\"ListItem\",\"position\":2,\"name\":\"Experien\u0163e\",\"item\":\"https:\\\/\\\/sadova.ro\\\/experiente\\\/\"},{\"@type\":\"ListItem\",\"position\":3,\"name\":\"Experien\u0163e Outdoor\"}]},{\"@type\":\"WebSite\",\"@id\":\"https:\\\/\\\/sadova.ro\\\/#website\",\"url\":\"https:\\\/\\\/sadova.ro\\\/\",\"name\":\"Sadova\",\"description\":\"Satul cu oameni frumosi\",\"publisher\":{\"@id\":\"https:\\\/\\\/sadova.ro\\\/#organization\"},\"potentialAction\":[{\"@type\":\"SearchAction\",\"target\":{\"@type\":\"EntryPoint\",\"urlTemplate\":\"https:\\\/\\\/sadova.ro\\\/?s={search_term_string}\"},\"query-input\":{\"@type\":\"PropertyValueSpecification\",\"valueRequired\":true,\"valueName\":\"search_term_string\"}}],\"inLanguage\":\"en-GB\"},{\"@type\":\"Organization\",\"@id\":\"https:\\\/\\\/sadova.ro\\\/#organization\",\"name\":\"Experience Sadova\",\"url\":\"https:\\\/\\\/sadova.ro\\\/\",\"logo\":{\"@type\":\"ImageObject\",\"inLanguage\":\"en-GB\",\"@id\":\"https:\\\/\\\/sadova.ro\\\/#\\\/schema\\\/logo\\\/image\\\/\",\"url\":\"https:\\\/\\\/sadova.ro\\\/wp-content\\\/uploads\\\/2025\\\/08\\\/cropped-1casuta.png\",\"contentUrl\":\"https:\\\/\\\/sadova.ro\\\/wp-content\\\/uploads\\\/2025\\\/08\\\/cropped-1casuta.png\",\"width\":512,\"height\":512,\"caption\":\"Experience Sadova\"},\"image\":{\"@id\":\"https:\\\/\\\/sadova.ro\\\/#\\\/schema\\\/logo\\\/image\\\/\"}}]}<\/script>\n<!-- \/ Yoast SEO plugin. -->","yoast_head_json":{"title":"Experien\u0163e Outdoor - Sadova Bucovina | Sport \u0219i relaxare","description":"Bucovina este o adev\u0103rat\u0103 revela\u021bie pentru turi\u015ftii activi care se bucur\u0103 de activit\u0103\u021bi \u00een aer liber. \u263c Descoper\u0103 experien\u021bele outdoor.","robots":{"index":"index","follow":"follow","max-snippet":"max-snippet:-1","max-image-preview":"max-image-preview:large","max-video-preview":"max-video-preview:-1"},"canonical":"https:\/\/sadova.ro\/en\/experiente\/experiente-outdoor\/","og_locale":"en_GB","og_type":"article","og_title":"Experien\u0163e Outdoor - Sadova Bucovina | Sport \u0219i relaxare","og_description":"Bucovina este o adev\u0103rat\u0103 revela\u021bie pentru turi\u015ftii activi care se bucur\u0103 de activit\u0103\u021bi \u00een aer liber. \u263c Descoper\u0103 experien\u021bele outdoor.","og_url":"https:\/\/sadova.ro\/en\/experiente\/experiente-outdoor\/","og_site_name":"Sadova","article_modified_time":"2021-06-22T08:43:04+00:00","og_image":[{"width":1030,"height":773,"url":"https:\/\/sadova.ro\/wp-content\/uploads\/2021\/01\/sadova-forest-1030x773.jpg","type":"image\/jpeg"}],"twitter_card":"summary_large_image","twitter_misc":{"Estimated reading time":"2 minutes"},"schema":{"@context":"https:\/\/schema.org","@graph":[{"@type":"WebPage","@id":"https:\/\/sadova.ro\/experiente\/experiente-outdoor\/","url":"https:\/\/sadova.ro\/experiente\/experiente-outdoor\/","name":"Experien\u0163e Outdoor - Sadova Bucovina | Sport \u0219i relaxare","isPartOf":{"@id":"https:\/\/sadova.ro\/#website"},"primaryImageOfPage":{"@id":"https:\/\/sadova.ro\/experiente\/experiente-outdoor\/#primaryimage"},"image":{"@id":"https:\/\/sadova.ro\/experiente\/experiente-outdoor\/#primaryimage"},"thumbnailUrl":"https:\/\/sadova.ro\/wp-content\/uploads\/2021\/01\/sadova-forest-scaled.jpg","datePublished":"2021-01-13T13:40:54+00:00","dateModified":"2021-06-22T08:43:04+00:00","description":"Bucovina este o adev\u0103rat\u0103 revela\u021bie pentru turi\u015ftii activi care se bucur\u0103 de activit\u0103\u021bi \u00een aer liber. \u263c Descoper\u0103 experien\u021bele outdoor.","breadcrumb":{"@id":"https:\/\/sadova.ro\/experiente\/experiente-outdoor\/#breadcrumb"},"inLanguage":"en-GB","potentialAction":[{"@type":"ReadAction","target":["https:\/\/sadova.ro\/experiente\/experiente-outdoor\/"]}]},{"@type":"ImageObject","inLanguage":"en-GB","@id":"https:\/\/sadova.ro\/experiente\/experiente-outdoor\/#primaryimage","url":"https:\/\/sadova.ro\/wp-content\/uploads\/2021\/01\/sadova-forest-scaled.jpg","contentUrl":"https:\/\/sadova.ro\/wp-content\/uploads\/2021\/01\/sadova-forest-scaled.jpg","width":2560,"height":1920,"caption":"Sadova, satul cu oameni frumosi, Bucovina. Experiente Outdoor."},{"@type":"BreadcrumbList","@id":"https:\/\/sadova.ro\/experiente\/experiente-outdoor\/#breadcrumb","itemListElement":[{"@type":"ListItem","position":1,"name":"Home","item":"https:\/\/sadova.ro\/"},{"@type":"ListItem","position":2,"name":"Experien\u0163e","item":"https:\/\/sadova.ro\/experiente\/"},{"@type":"ListItem","position":3,"name":"Experien\u0163e Outdoor"}]},{"@type":"WebSite","@id":"https:\/\/sadova.ro\/#website","url":"https:\/\/sadova.ro\/","name":"Sadova","description":"Satul cu oameni frumosi","publisher":{"@id":"https:\/\/sadova.ro\/#organization"},"potentialAction":[{"@type":"SearchAction","target":{"@type":"EntryPoint","urlTemplate":"https:\/\/sadova.ro\/?s={search_term_string}"},"query-input":{"@type":"PropertyValueSpecification","valueRequired":true,"valueName":"search_term_string"}}],"inLanguage":"en-GB"},{"@type":"Organization","@id":"https:\/\/sadova.ro\/#organization","name":"Experience Sadova","url":"https:\/\/sadova.ro\/","logo":{"@type":"ImageObject","inLanguage":"en-GB","@id":"https:\/\/sadova.ro\/#\/schema\/logo\/image\/","url":"https:\/\/sadova.ro\/wp-content\/uploads\/2025\/08\/cropped-1casuta.png","contentUrl":"https:\/\/sadova.ro\/wp-content\/uploads\/2025\/08\/cropped-1casuta.png","width":512,"height":512,"caption":"Experience Sadova"},"image":{"@id":"https:\/\/sadova.ro\/#\/schema\/logo\/image\/"}}]}},"_links":{"self":[{"href":"https:\/\/sadova.ro\/en\/wp-json\/wp\/v2\/pages\/374","targetHints":{"allow":["GET"]}}],"collection":[{"href":"https:\/\/sadova.ro\/en\/wp-json\/wp\/v2\/pages"}],"about":[{"href":"https:\/\/sadova.ro\/en\/wp-json\/wp\/v2\/types\/page"}],"author":[{"embeddable":true,"href":"https:\/\/sadova.ro\/en\/wp-json\/wp\/v2\/users\/1"}],"replies":[{"embeddable":true,"href":"https:\/\/sadova.ro\/en\/wp-json\/wp\/v2\/comments?post=374"}],"version-history":[{"count":60,"href":"https:\/\/sadova.ro\/en\/wp-json\/wp\/v2\/pages\/374\/revisions"}],"predecessor-version":[{"id":4427,"href":"https:\/\/sadova.ro\/en\/wp-json\/wp\/v2\/pages\/374\/revisions\/4427"}],"up":[{"embeddable":true,"href":"https:\/\/sadova.ro\/en\/wp-json\/wp\/v2\/pages\/83"}],"wp:featuredmedia":[{"embeddable":true,"href":"https:\/\/sadova.ro\/en\/wp-json\/wp\/v2\/media\/1215"}],"wp:attachment":[{"href":"https:\/\/sadova.ro\/en\/wp-json\/wp\/v2\/media?parent=374"}],"curies":[{"name":"wp","href":"https:\/\/api.w.org\/{rel}","templated":true}]}}