{"id":321,"date":"2021-01-13T12:28:04","date_gmt":"2021-01-13T12:28:04","guid":{"rendered":"https:\/\/sadova.ro\/?page_id=321"},"modified":"2021-03-27T09:24:21","modified_gmt":"2021-03-27T09:24:21","slug":"experiente-culinare-bucovina","status":"publish","type":"page","link":"https:\/\/sadova.ro\/en\/experiente\/experiente-culinare-bucovina\/","title":{"rendered":"Culinary Experiences"},"content":{"rendered":"<div id='fullscreen_slider_1'  class='avia-fullscreen-slider main_color  av-mini-hide  avia-builder-el-0  el_before_av_slideshow_full  avia-builder-el-first   container_wrap fullsize' style=' '  ><div   data-size='no scaling'  data-lightbox_size='large'  data-animation='slide'  data-conditional_play=''  data-ids='3206'  data-video_counter='0'  data-autoplay='false'  data-bg_slider='true'  data-slide_height='100'  data-handle='av_fullscreen'  data-interval='5'  data-class=' '  data-el_id=''  data-css_id='fullscreen_slider_1'  data-scroll_down=''  data-control_layout='av-control-default'  data-custom_markup=''  data-perma_caption=''  data-autoplay_stopper=''  data-image_attachment=''  data-min_height='0px'  data-lazy_loading='disabled'  data-stretch=''  class='avia-slideshow avia-slideshow-1  av-control-default av-default-height-applied avia-slideshow-no scaling av_fullscreen   avia-slide-slider'  itemprop=\"image\" itemscope=\"itemscope\" itemtype=\"https:\/\/schema.org\/ImageObject\" ><ul class='avia-slideshow-inner' style='padding-bottom: 66.666666666667%;' ><li style='background-position:center center;' data-img-url='https:\/\/sadova.ro\/wp-content\/uploads\/2021\/03\/experiente-culinare-sadova.jpg' class='av-single-slide slide-1' ><div data-rel='slideshow-1' class='avia-slide-wrap'   ><div class = \"caption_fullwidth av-slideshow-caption caption_center\"><div class = \"container caption_container\"><div class = \"slideshow_caption\"><div class = \"slideshow_inner_caption\"><div class = \"slideshow_align_caption\"><h2  class='avia-caption-title'  itemprop=\"name\" >Culinary Experiences<\/h2><\/div><\/div><\/div><\/div><\/div><\/div><\/li><\/ul><\/div><\/div>\n<div id='full_slider_1'  class='avia-fullwidth-slider main_color avia-shadow  av-desktop-hide av-medium-hide av-small-hide  avia-builder-el-1  el_after_av_fullscreen  el_before_av_section   slider-not-first container_wrap fullsize' style=' '  ><div   data-size='no scaling'  data-lightbox_size='large'  data-animation='slide'  data-conditional_play=''  data-ids='3206'  data-video_counter='0'  data-autoplay='false'  data-bg_slider='false'  data-slide_height=''  data-handle='av_slideshow_full'  data-interval='5'  data-class=' '  data-el_id=''  data-css_id=''  data-scroll_down=''  data-control_layout='av-control-default'  data-custom_markup=''  data-perma_caption=''  data-autoplay_stopper=''  data-image_attachment=''  data-min_height='0px'  data-lazy_loading='disabled'  data-src=''  data-position='top left'  data-repeat='no-repeat'  data-attach='scroll'  data-stretch=''  class='avia-slideshow avia-slideshow-2  av-control-default av-default-height-applied avia-slideshow-no scaling av_slideshow_full   avia-slide-slider'  itemprop=\"image\" itemscope=\"itemscope\" itemtype=\"https:\/\/schema.org\/ImageObject\" ><ul class='avia-slideshow-inner' style='padding-bottom: 66.666666666667%;' ><li  class='av-single-slide slide-1' ><div data-rel='slideshow-2' class='avia-slide-wrap'   ><div class = \"caption_fullwidth av-slideshow-caption caption_bottom\"><div class = \"container caption_container\"><div class = \"slideshow_caption\"><div class = \"slideshow_inner_caption\"><div class = \"slideshow_align_caption\"><h2  class='avia-caption-title'  itemprop=\"name\" >Culinary Experiences<\/h2><\/div><\/div><\/div><\/div><\/div><img decoding=\"async\" class=\"wp-image-3206 avia-img-lazy-loading-not-3206\"  src=\"https:\/\/sadova.ro\/wp-content\/uploads\/2021\/03\/experiente-culinare-sadova.jpg\" width=\"900\" height=\"600\" title='experiente culinare sadova' alt='experiente culinare sadova, bucovina'  itemprop=\"thumbnailUrl\" srcset=\"https:\/\/sadova.ro\/wp-content\/uploads\/2021\/03\/experiente-culinare-sadova.jpg 900w, https:\/\/sadova.ro\/wp-content\/uploads\/2021\/03\/experiente-culinare-sadova-300x200.jpg 300w, https:\/\/sadova.ro\/wp-content\/uploads\/2021\/03\/experiente-culinare-sadova-768x512.jpg 768w, https:\/\/sadova.ro\/wp-content\/uploads\/2021\/03\/experiente-culinare-sadova-705x470.jpg 705w, https:\/\/sadova.ro\/wp-content\/uploads\/2021\/03\/experiente-culinare-sadova-600x400.jpg 600w\" sizes=\"(max-width: 900px) 100vw, 900px\" \/><\/div><\/li><\/ul><\/div><\/div>\n<div id='av_section_1'  class='avia-section main_color avia-section-default avia-no-border-styling  avia-bg-style-scroll  avia-builder-el-2  el_after_av_slideshow_full  el_before_av_layout_row   container_wrap fullsize' style=' '  ><div class='container' ><div class='template-page content  av-content-full alpha units'><div class='post-entry post-entry-type-page post-entry-321'><div class='entry-content-wrapper clearfix'>\n<div class=\"flex_column av_one_fifth  flex_column_div av-zero-column-padding first  avia-builder-el-3  el_before_av_three_fifth  avia-builder-el-first\" style='border-radius:0px; '><\/div><div class=\"flex_column av_three_fifth  flex_column_div av-zero-column-padding   avia-builder-el-4  el_after_av_one_fifth  el_before_av_one_fifth\" style='border-radius:0px; '><section class=\"av_textblock_section\"  itemscope=\"itemscope\" itemtype=\"https:\/\/schema.org\/CreativeWork\" ><div class='avia_textblock  av_inherit_color'  style='font-size:22px; color:#9e9e9e; '  itemprop=\"text\" ><p style=\"text-align: center;\"><span style=\"font-weight: 400;\">Bucovina is, without a doubt, an area where traditional dishes are at home. From a fairy-tale area, full of history and unique landscapes, there is no lack of traditional culinary preparations, which today form the cultural heritage of the Bucovina people. Among the best known are soups, ham, chi\u0219ca, cighir, jar-baked sirloin, Bohemian sausages, bacon and delicious holiday cakes. We invite you to discover how all these dishes carry the spirituality of Bukovina.\u00a0<\/span><\/p>\n<\/div><\/section><\/div><div class=\"flex_column av_one_fifth  flex_column_div av-zero-column-padding   avia-builder-el-6  el_after_av_three_fifth  avia-builder-el-last\" style='border-radius:0px; '><\/div>\n\n<\/div><\/div><\/div><!-- close content main div --><\/div><\/div><div id='av-layout-grid-1'  class='av-layout-grid-container entry-content-wrapper main_color av-flex-cells     avia-builder-el-7  el_after_av_section  avia-builder-el-last  submenu-not-first container_wrap fullsize' style=' '  >\n<div class=\"flex_cell no_margin av_one_half  avia-builder-el-8  el_before_av_cell_one_half  avia-builder-el-first\"  style='background: #f7f7f7; vertical-align:middle; padding:50px 50px 30px 50px ; background-color:#f7f7f7; ' ><div class='flex_cell_inner' ><div  class='avia-image-container  av-styling-    avia-builder-el-9  avia-builder-el-no-sibling  avia-align-center'  itemprop=\"image\" itemscope=\"itemscope\" itemtype=\"https:\/\/schema.org\/ImageObject\"  ><div class='avia-image-container-inner'><div class='avia-image-overlay-wrap'><img decoding=\"async\" class='wp-image-1530 avia-img-lazy-loading-not-1530 avia_image' src=\"https:\/\/sadova.ro\/wp-content\/uploads\/2021\/01\/gastronomia-satelor-din-bucovina-1024x449-1-845x449.jpg\" alt='' title='Mancare Sadova' height=\"449\" width=\"845\"  itemprop=\"thumbnailUrl\"  \/><\/div><\/div><\/div>\n<\/div><\/div><div class=\"flex_cell no_margin av_one_half  avia-builder-el-10  el_after_av_cell_one_half  avia-builder-el-last\" ><div class='flex_cell_inner' ><div  class='avia-icon-list-container   avia-builder-el-11  avia-builder-el-no-sibling'><ul class='avia-icon-list avia-icon-list-left av-iconlist-big avia_animate_when_almost_visible avia-iconlist-animate'>\n<li><div  class='iconlist_icon  avia-font-entypo-fontello'><span class='iconlist-char' aria-hidden='true' data-av_icon='\ue82a' data-av_iconfont='entypo-fontello'><\/span><\/div><article class=\"article-icon-entry\"  itemscope=\"itemscope\" itemtype=\"https:\/\/schema.org\/CreativeWork\" ><div class='iconlist_content_wrap'><header class=\"entry-content-header\"><h1 class='av_iconlist_title iconlist_title  av_inherit_color'  itemprop=\"headline\"   style='color:#056b36; font-size:18px; '>Atelier de m\u00e2nc\u0103ruri tradi\u021bionale<\/h1><\/header><div class='iconlist_content'  itemprop=\"text\"   style='font-size:17px; '><p>During 3 hours, in a relaxing atmosphere, you will be able to taste an appetizer consisting of meat and different types of cheeses prepared in our farm (or vegetarian option). You will learn how to prepare them and the differences between past and present methods. Together with your host you will prepare an appetizer, then prepare a traditional main course such as bulz, mushroom or chicken ciulama with m\u0103mlig\u0103. You'll serve what you've cooked and celebrate as Sadova families know how, with a glass of brandy and a glass of wine.<\/p>\n<\/div><\/div><footer class=\"entry-footer\"><\/footer><\/article><div class='iconlist-timeline'><\/div><\/li>\n<li><div  class='iconlist_icon  avia-font-entypo-fontello'><span class='iconlist-char' aria-hidden='true' data-av_icon='\ue862' data-av_iconfont='entypo-fontello'><\/span><\/div><article class=\"article-icon-entry\"  itemscope=\"itemscope\" itemtype=\"https:\/\/schema.org\/CreativeWork\" ><div class='iconlist_content_wrap'><header class=\"entry-content-header\"><h1 class='av_iconlist_title iconlist_title  av_inherit_color'  itemprop=\"headline\"   style='color:#056b36; font-size:18px; '>Durat\u0103<\/h1><\/header><div class='iconlist_content'  itemprop=\"text\"   style='font-size:17px; '><p>5 hours<\/p>\n<\/div><\/div><footer class=\"entry-footer\"><\/footer><\/article><div class='iconlist-timeline'><\/div><\/li>\n<li><div  class='iconlist_icon  avia-font-entypo-fontello'><span class='iconlist-char' aria-hidden='true' data-av_icon='\uf232' data-av_iconfont='entypo-fontello'><\/span><\/div><article class=\"article-icon-entry\"  itemscope=\"itemscope\" itemtype=\"https:\/\/schema.org\/CreativeWork\" ><div class='iconlist_content_wrap'><header class=\"entry-content-header\"><h1 class='av_iconlist_title iconlist_title  av_inherit_color'  itemprop=\"headline\"   style='color:#056b36; font-size:18px; '>Rezerv\u0103<\/h1><\/header><div class='iconlist_content'  itemprop=\"text\"   style='font-size:17px; '><p>Oana Bedrule &#8211; 0765 404 934<\/p>\n<\/div><\/div><footer class=\"entry-footer\"><\/footer><\/article><div class='iconlist-timeline'><\/div><\/li>\n<\/ul><\/div>\n<\/div><\/div><\/div>","protected":false},"excerpt":{"rendered":"","protected":false},"author":1,"featured_media":3206,"parent":83,"menu_order":0,"comment_status":"closed","ping_status":"closed","template":"","meta":{"footnotes":""},"class_list":["post-321","page","type-page","status-publish","has-post-thumbnail","hentry"],"yoast_head":"<!-- This site is optimized with the Yoast SEO plugin v27.4 - https:\/\/yoast.com\/product\/yoast-seo-wordpress\/ -->\n<title>Experien\u0163e Culinare - Sadova Bucovina | M\u00e2ncare tradi\u021bional\u0103<\/title>\n<meta name=\"description\" content=\"Bucovina este o zon\u0103 \u00een care bucatele tradi\u021bionale sunt la ele acas\u0103. \u263c \u00cenva\u021b\u0103 sa g\u0103te\u0219ti m\u00e2ncare tradi\u021bional\u0103 din Bucovina.\" \/>\n<meta name=\"robots\" content=\"index, follow, max-snippet:-1, max-image-preview:large, max-video-preview:-1\" \/>\n<link rel=\"canonical\" href=\"https:\/\/sadova.ro\/en\/experiente\/experiente-culinare-bucovina\/\" \/>\n<meta property=\"og:locale\" content=\"en_GB\" \/>\n<meta property=\"og:type\" content=\"article\" \/>\n<meta property=\"og:title\" content=\"Experien\u0163e Culinare - Sadova Bucovina | M\u00e2ncare tradi\u021bional\u0103\" \/>\n<meta property=\"og:description\" content=\"Bucovina este o zon\u0103 \u00een care bucatele tradi\u021bionale sunt la ele acas\u0103. \u263c \u00cenva\u021b\u0103 sa g\u0103te\u0219ti m\u00e2ncare tradi\u021bional\u0103 din Bucovina.\" \/>\n<meta property=\"og:url\" content=\"https:\/\/sadova.ro\/en\/experiente\/experiente-culinare-bucovina\/\" \/>\n<meta property=\"og:site_name\" content=\"Sadova\" \/>\n<meta property=\"article:modified_time\" content=\"2021-03-27T09:24:21+00:00\" \/>\n<meta property=\"og:image\" content=\"https:\/\/sadova.ro\/wp-content\/uploads\/2021\/03\/experiente-culinare-sadova.jpg\" \/>\n\t<meta property=\"og:image:width\" content=\"900\" \/>\n\t<meta property=\"og:image:height\" content=\"600\" \/>\n\t<meta property=\"og:image:type\" content=\"image\/jpeg\" \/>\n<meta name=\"twitter:card\" content=\"summary_large_image\" \/>\n<meta name=\"twitter:label1\" content=\"Estimated reading time\" \/>\n\t<meta name=\"twitter:data1\" content=\"3 minutes\" \/>\n<script type=\"application\/ld+json\" class=\"yoast-schema-graph\">{\"@context\":\"https:\\\/\\\/schema.org\",\"@graph\":[{\"@type\":\"WebPage\",\"@id\":\"https:\\\/\\\/sadova.ro\\\/experiente\\\/experiente-culinare-bucovina\\\/\",\"url\":\"https:\\\/\\\/sadova.ro\\\/experiente\\\/experiente-culinare-bucovina\\\/\",\"name\":\"Experien\u0163e Culinare - Sadova Bucovina | M\u00e2ncare tradi\u021bional\u0103\",\"isPartOf\":{\"@id\":\"https:\\\/\\\/sadova.ro\\\/#website\"},\"primaryImageOfPage\":{\"@id\":\"https:\\\/\\\/sadova.ro\\\/experiente\\\/experiente-culinare-bucovina\\\/#primaryimage\"},\"image\":{\"@id\":\"https:\\\/\\\/sadova.ro\\\/experiente\\\/experiente-culinare-bucovina\\\/#primaryimage\"},\"thumbnailUrl\":\"https:\\\/\\\/sadova.ro\\\/wp-content\\\/uploads\\\/2021\\\/03\\\/experiente-culinare-sadova.jpg\",\"datePublished\":\"2021-01-13T12:28:04+00:00\",\"dateModified\":\"2021-03-27T09:24:21+00:00\",\"description\":\"Bucovina este o zon\u0103 \u00een care bucatele tradi\u021bionale sunt la ele acas\u0103. \u263c \u00cenva\u021b\u0103 sa g\u0103te\u0219ti m\u00e2ncare tradi\u021bional\u0103 din Bucovina.\",\"breadcrumb\":{\"@id\":\"https:\\\/\\\/sadova.ro\\\/experiente\\\/experiente-culinare-bucovina\\\/#breadcrumb\"},\"inLanguage\":\"en-GB\",\"potentialAction\":[{\"@type\":\"ReadAction\",\"target\":[\"https:\\\/\\\/sadova.ro\\\/experiente\\\/experiente-culinare-bucovina\\\/\"]}]},{\"@type\":\"ImageObject\",\"inLanguage\":\"en-GB\",\"@id\":\"https:\\\/\\\/sadova.ro\\\/experiente\\\/experiente-culinare-bucovina\\\/#primaryimage\",\"url\":\"https:\\\/\\\/sadova.ro\\\/wp-content\\\/uploads\\\/2021\\\/03\\\/experiente-culinare-sadova.jpg\",\"contentUrl\":\"https:\\\/\\\/sadova.ro\\\/wp-content\\\/uploads\\\/2021\\\/03\\\/experiente-culinare-sadova.jpg\",\"width\":900,\"height\":600,\"caption\":\"experiente culinare sadova, bucovina\"},{\"@type\":\"BreadcrumbList\",\"@id\":\"https:\\\/\\\/sadova.ro\\\/experiente\\\/experiente-culinare-bucovina\\\/#breadcrumb\",\"itemListElement\":[{\"@type\":\"ListItem\",\"position\":1,\"name\":\"Home\",\"item\":\"https:\\\/\\\/sadova.ro\\\/\"},{\"@type\":\"ListItem\",\"position\":2,\"name\":\"Experien\u0163e\",\"item\":\"https:\\\/\\\/sadova.ro\\\/experiente\\\/\"},{\"@type\":\"ListItem\",\"position\":3,\"name\":\"Experien\u0163e Culinare\"}]},{\"@type\":\"WebSite\",\"@id\":\"https:\\\/\\\/sadova.ro\\\/#website\",\"url\":\"https:\\\/\\\/sadova.ro\\\/\",\"name\":\"Sadova\",\"description\":\"Satul cu oameni frumosi\",\"publisher\":{\"@id\":\"https:\\\/\\\/sadova.ro\\\/#organization\"},\"potentialAction\":[{\"@type\":\"SearchAction\",\"target\":{\"@type\":\"EntryPoint\",\"urlTemplate\":\"https:\\\/\\\/sadova.ro\\\/?s={search_term_string}\"},\"query-input\":{\"@type\":\"PropertyValueSpecification\",\"valueRequired\":true,\"valueName\":\"search_term_string\"}}],\"inLanguage\":\"en-GB\"},{\"@type\":\"Organization\",\"@id\":\"https:\\\/\\\/sadova.ro\\\/#organization\",\"name\":\"Experience Sadova\",\"url\":\"https:\\\/\\\/sadova.ro\\\/\",\"logo\":{\"@type\":\"ImageObject\",\"inLanguage\":\"en-GB\",\"@id\":\"https:\\\/\\\/sadova.ro\\\/#\\\/schema\\\/logo\\\/image\\\/\",\"url\":\"https:\\\/\\\/sadova.ro\\\/wp-content\\\/uploads\\\/2025\\\/08\\\/cropped-1casuta.png\",\"contentUrl\":\"https:\\\/\\\/sadova.ro\\\/wp-content\\\/uploads\\\/2025\\\/08\\\/cropped-1casuta.png\",\"width\":512,\"height\":512,\"caption\":\"Experience Sadova\"},\"image\":{\"@id\":\"https:\\\/\\\/sadova.ro\\\/#\\\/schema\\\/logo\\\/image\\\/\"}}]}<\/script>\n<!-- \/ Yoast SEO plugin. -->","yoast_head_json":{"title":"Experien\u0163e Culinare - Sadova Bucovina | M\u00e2ncare tradi\u021bional\u0103","description":"Bucovina este o zon\u0103 \u00een care bucatele tradi\u021bionale sunt la ele acas\u0103. \u263c \u00cenva\u021b\u0103 sa g\u0103te\u0219ti m\u00e2ncare tradi\u021bional\u0103 din Bucovina.","robots":{"index":"index","follow":"follow","max-snippet":"max-snippet:-1","max-image-preview":"max-image-preview:large","max-video-preview":"max-video-preview:-1"},"canonical":"https:\/\/sadova.ro\/en\/experiente\/experiente-culinare-bucovina\/","og_locale":"en_GB","og_type":"article","og_title":"Experien\u0163e Culinare - Sadova Bucovina | M\u00e2ncare tradi\u021bional\u0103","og_description":"Bucovina este o zon\u0103 \u00een care bucatele tradi\u021bionale sunt la ele acas\u0103. \u263c \u00cenva\u021b\u0103 sa g\u0103te\u0219ti m\u00e2ncare tradi\u021bional\u0103 din Bucovina.","og_url":"https:\/\/sadova.ro\/en\/experiente\/experiente-culinare-bucovina\/","og_site_name":"Sadova","article_modified_time":"2021-03-27T09:24:21+00:00","og_image":[{"width":900,"height":600,"url":"https:\/\/sadova.ro\/wp-content\/uploads\/2021\/03\/experiente-culinare-sadova.jpg","type":"image\/jpeg"}],"twitter_card":"summary_large_image","twitter_misc":{"Estimated reading time":"3 minutes"},"schema":{"@context":"https:\/\/schema.org","@graph":[{"@type":"WebPage","@id":"https:\/\/sadova.ro\/experiente\/experiente-culinare-bucovina\/","url":"https:\/\/sadova.ro\/experiente\/experiente-culinare-bucovina\/","name":"Experien\u0163e Culinare - Sadova Bucovina | M\u00e2ncare tradi\u021bional\u0103","isPartOf":{"@id":"https:\/\/sadova.ro\/#website"},"primaryImageOfPage":{"@id":"https:\/\/sadova.ro\/experiente\/experiente-culinare-bucovina\/#primaryimage"},"image":{"@id":"https:\/\/sadova.ro\/experiente\/experiente-culinare-bucovina\/#primaryimage"},"thumbnailUrl":"https:\/\/sadova.ro\/wp-content\/uploads\/2021\/03\/experiente-culinare-sadova.jpg","datePublished":"2021-01-13T12:28:04+00:00","dateModified":"2021-03-27T09:24:21+00:00","description":"Bucovina este o zon\u0103 \u00een care bucatele tradi\u021bionale sunt la ele acas\u0103. \u263c \u00cenva\u021b\u0103 sa g\u0103te\u0219ti m\u00e2ncare tradi\u021bional\u0103 din Bucovina.","breadcrumb":{"@id":"https:\/\/sadova.ro\/experiente\/experiente-culinare-bucovina\/#breadcrumb"},"inLanguage":"en-GB","potentialAction":[{"@type":"ReadAction","target":["https:\/\/sadova.ro\/experiente\/experiente-culinare-bucovina\/"]}]},{"@type":"ImageObject","inLanguage":"en-GB","@id":"https:\/\/sadova.ro\/experiente\/experiente-culinare-bucovina\/#primaryimage","url":"https:\/\/sadova.ro\/wp-content\/uploads\/2021\/03\/experiente-culinare-sadova.jpg","contentUrl":"https:\/\/sadova.ro\/wp-content\/uploads\/2021\/03\/experiente-culinare-sadova.jpg","width":900,"height":600,"caption":"experiente culinare sadova, bucovina"},{"@type":"BreadcrumbList","@id":"https:\/\/sadova.ro\/experiente\/experiente-culinare-bucovina\/#breadcrumb","itemListElement":[{"@type":"ListItem","position":1,"name":"Home","item":"https:\/\/sadova.ro\/"},{"@type":"ListItem","position":2,"name":"Experien\u0163e","item":"https:\/\/sadova.ro\/experiente\/"},{"@type":"ListItem","position":3,"name":"Experien\u0163e Culinare"}]},{"@type":"WebSite","@id":"https:\/\/sadova.ro\/#website","url":"https:\/\/sadova.ro\/","name":"Sadova","description":"Satul cu oameni frumosi","publisher":{"@id":"https:\/\/sadova.ro\/#organization"},"potentialAction":[{"@type":"SearchAction","target":{"@type":"EntryPoint","urlTemplate":"https:\/\/sadova.ro\/?s={search_term_string}"},"query-input":{"@type":"PropertyValueSpecification","valueRequired":true,"valueName":"search_term_string"}}],"inLanguage":"en-GB"},{"@type":"Organization","@id":"https:\/\/sadova.ro\/#organization","name":"Experience Sadova","url":"https:\/\/sadova.ro\/","logo":{"@type":"ImageObject","inLanguage":"en-GB","@id":"https:\/\/sadova.ro\/#\/schema\/logo\/image\/","url":"https:\/\/sadova.ro\/wp-content\/uploads\/2025\/08\/cropped-1casuta.png","contentUrl":"https:\/\/sadova.ro\/wp-content\/uploads\/2025\/08\/cropped-1casuta.png","width":512,"height":512,"caption":"Experience Sadova"},"image":{"@id":"https:\/\/sadova.ro\/#\/schema\/logo\/image\/"}}]}},"_links":{"self":[{"href":"https:\/\/sadova.ro\/en\/wp-json\/wp\/v2\/pages\/321","targetHints":{"allow":["GET"]}}],"collection":[{"href":"https:\/\/sadova.ro\/en\/wp-json\/wp\/v2\/pages"}],"about":[{"href":"https:\/\/sadova.ro\/en\/wp-json\/wp\/v2\/types\/page"}],"author":[{"embeddable":true,"href":"https:\/\/sadova.ro\/en\/wp-json\/wp\/v2\/users\/1"}],"replies":[{"embeddable":true,"href":"https:\/\/sadova.ro\/en\/wp-json\/wp\/v2\/comments?post=321"}],"version-history":[{"count":18,"href":"https:\/\/sadova.ro\/en\/wp-json\/wp\/v2\/pages\/321\/revisions"}],"predecessor-version":[{"id":3683,"href":"https:\/\/sadova.ro\/en\/wp-json\/wp\/v2\/pages\/321\/revisions\/3683"}],"up":[{"embeddable":true,"href":"https:\/\/sadova.ro\/en\/wp-json\/wp\/v2\/pages\/83"}],"wp:featuredmedia":[{"embeddable":true,"href":"https:\/\/sadova.ro\/en\/wp-json\/wp\/v2\/media\/3206"}],"wp:attachment":[{"href":"https:\/\/sadova.ro\/en\/wp-json\/wp\/v2\/media?parent=321"}],"curies":[{"name":"wp","href":"https:\/\/api.w.org\/{rel}","templated":true}]}}