{"id":2,"date":"2020-12-04T14:04:22","date_gmt":"2020-12-04T14:04:22","guid":{"rendered":"https:\/\/sadova.ro\/?page_id=2"},"modified":"2021-03-27T10:08:20","modified_gmt":"2021-03-27T10:08:20","slug":"evenimente-in-sadova","status":"publish","type":"page","link":"https:\/\/sadova.ro\/en\/evenimente-in-sadova\/","title":{"rendered":"Evenimente in Sadova"},"content":{"rendered":"<div id='fullscreen_slider_1'  class='avia-fullscreen-slider main_color   avia-builder-el-0  el_before_av_section  avia-builder-el-first   container_wrap fullsize' style=' '  ><a href='#next-section' title='' class='scroll-down-link av-control-default' aria-hidden='true' data-av_icon='\ue877' data-av_iconfont='entypo-fontello'><\/a><div   data-size='no scaling'  data-lightbox_size='large'  data-animation='slide'  data-conditional_play=''  data-ids='1512'  data-video_counter='0'  data-autoplay='false'  data-bg_slider='true'  data-slide_height='100'  data-handle='av_fullscreen'  data-interval='5'  data-class=' '  data-el_id=''  data-css_id='fullscreen_slider_1'  data-scroll_down='aviaTBscroll_down'  data-control_layout='av-control-default'  data-custom_markup=''  data-perma_caption=''  data-autoplay_stopper=''  data-image_attachment=''  data-min_height='0px'  data-lazy_loading='disabled'  data-stretch=''  class='avia-slideshow avia-slideshow-1 av-slider-scroll-down-active av-control-default av-default-height-applied avia-slideshow-no scaling av_fullscreen   avia-slide-slider'  itemprop=\"image\" itemscope=\"itemscope\" itemtype=\"https:\/\/schema.org\/ImageObject\" ><ul class='avia-slideshow-inner' style='padding-bottom: 66.650390625%;' ><li style='background-position:center center;' data-img-url='https:\/\/sadova.ro\/wp-content\/uploads\/2021\/01\/revelion-sadova.jpg' class='av-single-slide slide-1' ><div data-rel='slideshow-1' class='avia-slide-wrap'   ><div class = \"caption_fullwidth av-slideshow-caption caption_center caption_center_framed caption_framed\"><div class = \"container caption_container\"><div class = \"slideshow_caption\"><div class = \"slideshow_inner_caption\"><div class = \"slideshow_align_caption\"><h2  class='avia-caption-title'  itemprop=\"name\" >Events in Sadova<\/h2><\/div><\/div><\/div><\/div><\/div><\/div><\/li><\/ul><\/div><\/div>\n<div id='av_section_1'  class='avia-section main_color avia-section-default avia-no-border-styling  avia-bg-style-scroll  avia-builder-el-1  el_after_av_fullscreen  el_before_av_fullscreen   container_wrap fullsize' style=' '  ><div class='container' ><div class='template-page content  av-content-full alpha units'><div class='post-entry post-entry-type-page post-entry-2'><div class='entry-content-wrapper clearfix'>\n<div class=\"flex_column av_one_fifth  flex_column_div av-zero-column-padding first  avia-builder-el-2  el_before_av_three_fifth  avia-builder-el-first\" style='border-radius:0px; '><\/div><div class=\"flex_column av_three_fifth  flex_column_div av-zero-column-padding   avia-builder-el-3  el_after_av_one_fifth  el_before_av_one_fifth\" style='border-radius:0px; '><section class=\"av_textblock_section\"  itemscope=\"itemscope\" itemtype=\"https:\/\/schema.org\/CreativeWork\" ><div class='avia_textblock   av-mini-font-size-overwrite av-mini-font-size-20'  style='font-size:22px; '  itemprop=\"text\" ><p style=\"text-align: center;\"><span style=\"font-weight: 400; color: #808080;\">Sadovians are people with a zest for life, energetic, like all bucovinians, which is why cultural events are not to be missed in this area. Every season is an opportunity to have fun and discover the local fun and diversity. <\/span><\/p>\n<\/div><\/section><\/div><div class=\"flex_column av_one_fifth  flex_column_div av-zero-column-padding   avia-builder-el-5  el_after_av_three_fifth  avia-builder-el-last\" style='border-radius:0px; '><\/div>\n\n<\/div><\/div><\/div><!-- close content main div --><\/div><\/div><div id='fullscreen_slider_2'  class='avia-fullscreen-slider main_color   avia-builder-el-6  el_after_av_section  el_before_av_section   slider-not-first container_wrap fullsize' style=' '  ><a href='#next-section' title='' class='scroll-down-link av-control-default' aria-hidden='true' data-av_icon='\ue877' data-av_iconfont='entypo-fontello'><\/a><div   data-size='no scaling'  data-lightbox_size='large'  data-animation='slide'  data-conditional_play=''  data-ids='1343'  data-video_counter='0'  data-autoplay='false'  data-bg_slider='true'  data-slide_height='100'  data-handle='av_fullscreen'  data-interval='5'  data-class=' '  data-el_id=''  data-css_id='fullscreen_slider_2'  data-scroll_down='aviaTBscroll_down'  data-control_layout='av-control-default'  data-custom_markup=''  data-perma_caption=''  data-autoplay_stopper=''  data-image_attachment=''  data-min_height='0px'  data-lazy_loading='disabled'  data-stretch=''  class='avia-slideshow avia-slideshow-2 av-slider-scroll-down-active av-control-default av-default-height-applied avia-slideshow-no scaling av_fullscreen   avia-slide-slider'  itemprop=\"image\" itemscope=\"itemscope\" itemtype=\"https:\/\/schema.org\/ImageObject\" ><ul class='avia-slideshow-inner' style='padding-bottom: 66.6796875%;' ><li style='background-position:center center;' data-img-url='https:\/\/sadova.ro\/wp-content\/uploads\/2021\/01\/05_DS2_9121-Edit-scaled.jpg' class='av-single-slide slide-1' ><div data-rel='slideshow-2' class='avia-slide-wrap'   ><div class = \"caption_fullwidth av-slideshow-caption caption_center caption_center_framed caption_framed\"><div class = \"container caption_container\"><div class = \"slideshow_caption\"><div class = \"slideshow_inner_caption\"><div class = \"slideshow_align_caption\"><h2  class='avia-caption-title'  itemprop=\"name\" >Holidays<\/h2><br\/><a href='https:\/\/sadova.ro\/en\/sarbatori-in-bucovina\/'  class='avia-slideshow-button avia-button avia-color-light' data-duration='800' data-easing='easeInOutQuad'>Discover<\/a><\/div><\/div><\/div><\/div><\/div><\/div><\/li><\/ul><\/div><\/div>\n<div id='av_section_2'  class='avia-section main_color avia-section-default avia-no-border-styling  avia-bg-style-scroll  avia-builder-el-7  el_after_av_fullscreen  el_before_av_fullscreen   container_wrap fullsize' style=' '  ><div class='container' ><div class='template-page content  av-content-full alpha units'><div class='post-entry post-entry-type-page post-entry-2'><div class='entry-content-wrapper clearfix'>\n<div class=\"flex_column av_one_fifth  flex_column_div av-zero-column-padding first  avia-builder-el-8  el_before_av_three_fifth  avia-builder-el-first\" style='border-radius:0px; '><\/div><div class=\"flex_column av_three_fifth  flex_column_div av-zero-column-padding   avia-builder-el-9  el_after_av_one_fifth  el_before_av_one_fifth\" style='border-radius:0px; '><section class=\"av_textblock_section\"  itemscope=\"itemscope\" itemtype=\"https:\/\/schema.org\/CreativeWork\" ><div class='avia_textblock   av-mini-font-size-overwrite av-mini-font-size-20'  style='font-size:22px; '  itemprop=\"text\" ><p style=\"text-align: center;\"><span style=\"font-weight: 400; color: #808080;\">People in this area are spiritual. In Bukovina, celebrations have been held since ancient times and are still largely preserved today. All the customs are closely linked to the major holidays in the Christian calendar, such as Christmas, Epiphany. <a href=\"https:\/\/sadova.ro\/en\/2021\/02\/16\/pastele-in-sadova\/\" target=\"_blank\" rel=\"noopener\">Easter<\/a>, Midsummer or the essential moments of life.<\/span><\/p>\n<\/div><\/section><\/div><div class=\"flex_column av_one_fifth  flex_column_div av-zero-column-padding   avia-builder-el-11  el_after_av_three_fifth  avia-builder-el-last\" style='border-radius:0px; '><\/div>\n\n<\/div><\/div><\/div><!-- close content main div --><\/div><\/div><div id='fullscreen_slider_3'  class='avia-fullscreen-slider main_color  av-mini-hide  avia-builder-el-12  el_after_av_section  el_before_av_slideshow_full   slider-not-first container_wrap fullsize' style=' '  ><a href='#next-section' title='' class='scroll-down-link av-control-default' aria-hidden='true' data-av_icon='\ue877' data-av_iconfont='entypo-fontello'><\/a><div   data-size='no scaling'  data-lightbox_size='large'  data-animation='slide'  data-conditional_play=''  data-ids='1273'  data-video_counter='0'  data-autoplay='false'  data-bg_slider='true'  data-slide_height='100'  data-handle='av_fullscreen'  data-interval='5'  data-class=' '  data-el_id=''  data-css_id='fullscreen_slider_3'  data-scroll_down='aviaTBscroll_down'  data-control_layout='av-control-default'  data-custom_markup=''  data-perma_caption=''  data-autoplay_stopper=''  data-image_attachment=''  data-min_height='0px'  data-lazy_loading='disabled'  data-stretch=''  class='avia-slideshow avia-slideshow-3 av-slider-scroll-down-active av-control-default av-default-height-applied avia-slideshow-no scaling av_fullscreen   avia-slide-slider'  itemprop=\"image\" itemscope=\"itemscope\" itemtype=\"https:\/\/schema.org\/ImageObject\" ><ul class='avia-slideshow-inner' style='padding-bottom: 66.650390625%;' ><li style='background-position:center center;' data-img-url='https:\/\/sadova.ro\/wp-content\/uploads\/2021\/01\/SARBATORI-SADOVA-3.jpg' class='av-single-slide slide-1' ><div data-rel='slideshow-3' class='avia-slide-wrap'   ><div class = \"caption_fullwidth av-slideshow-caption caption_center caption_center_framed caption_framed\"><div class = \"container caption_container\"><div class = \"slideshow_caption\"><div class = \"slideshow_inner_caption\"><div class = \"slideshow_align_caption\"><h2  class='avia-caption-title'  itemprop=\"name\" >Festivals<\/h2><br\/><a href='https:\/\/sadova.ro\/en\/festivaluri\/'  class='avia-slideshow-button avia-button avia-color-light' data-duration='800' data-easing='easeInOutQuad'>Discover<\/a><\/div><\/div><\/div><\/div><\/div><\/div><\/li><\/ul><\/div><\/div>\n<div id='full_slider_1'  class='avia-fullwidth-slider main_color avia-shadow  av-desktop-hide av-medium-hide av-small-hide  avia-builder-el-13  el_after_av_fullscreen  el_before_av_section   slider-not-first container_wrap fullsize' style=' '  ><div   data-size='no scaling'  data-lightbox_size='large'  data-animation='slide'  data-conditional_play=''  data-ids='1273'  data-video_counter='0'  data-autoplay='false'  data-bg_slider='false'  data-slide_height=''  data-handle='av_slideshow_full'  data-interval='5'  data-class=' '  data-el_id=''  data-css_id=''  data-scroll_down=''  data-control_layout='av-control-default'  data-custom_markup=''  data-perma_caption=''  data-autoplay_stopper=''  data-image_attachment=''  data-min_height='0px'  data-lazy_loading='disabled'  data-src=''  data-position='top left'  data-repeat='no-repeat'  data-attach='scroll'  data-stretch=''  class='avia-slideshow avia-slideshow-4  av-control-default av-default-height-applied avia-slideshow-no scaling av_slideshow_full   avia-slide-slider'  itemprop=\"image\" itemscope=\"itemscope\" itemtype=\"https:\/\/schema.org\/ImageObject\" ><ul class='avia-slideshow-inner' style='padding-bottom: 66.650390625%;' ><li  class='av-single-slide slide-1' ><div data-rel='slideshow-4' class='avia-slide-wrap'   ><div class = \"caption_fullwidth av-slideshow-caption caption_center caption_center_framed caption_framed\"><div class = \"container caption_container\"><div class = \"slideshow_caption\"><div class = \"slideshow_inner_caption\"><div class = \"slideshow_align_caption\"><h2  class='avia-caption-title'  itemprop=\"name\" >Festivals<\/h2><br\/><a href='https:\/\/sadova.ro\/en\/festivaluri\/'  class='avia-slideshow-button avia-button avia-color-light' data-duration='800' data-easing='easeInOutQuad'>Discover<\/a><\/div><\/div><\/div><\/div><\/div><img decoding=\"async\" class=\"wp-image-1273 avia-img-lazy-loading-not-1273\"  src=\"https:\/\/sadova.ro\/wp-content\/uploads\/2021\/01\/SARBATORI-SADOVA-3.jpg\" width=\"2048\" height=\"1365\" title='SARBATORI SADOVA BUCOVINA' alt=''  itemprop=\"thumbnailUrl\" srcset=\"https:\/\/sadova.ro\/wp-content\/uploads\/2021\/01\/SARBATORI-SADOVA-3.jpg 2048w, https:\/\/sadova.ro\/wp-content\/uploads\/2021\/01\/SARBATORI-SADOVA-3-300x200.jpg 300w, https:\/\/sadova.ro\/wp-content\/uploads\/2021\/01\/SARBATORI-SADOVA-3-1030x686.jpg 1030w, https:\/\/sadova.ro\/wp-content\/uploads\/2021\/01\/SARBATORI-SADOVA-3-768x512.jpg 768w, https:\/\/sadova.ro\/wp-content\/uploads\/2021\/01\/SARBATORI-SADOVA-3-1536x1024.jpg 1536w, https:\/\/sadova.ro\/wp-content\/uploads\/2021\/01\/SARBATORI-SADOVA-3-1500x1000.jpg 1500w, https:\/\/sadova.ro\/wp-content\/uploads\/2021\/01\/SARBATORI-SADOVA-3-705x470.jpg 705w\" sizes=\"(max-width: 2048px) 100vw, 2048px\" \/><\/div><\/li><\/ul><\/div><\/div>\n<div id='av_section_3'  class='avia-section main_color avia-section-default avia-no-border-styling  avia-bg-style-scroll  avia-builder-el-14  el_after_av_slideshow_full  avia-builder-el-last   container_wrap fullsize' style=' '  ><div class='container' ><div class='template-page content  av-content-full alpha units'><div class='post-entry post-entry-type-page post-entry-2'><div class='entry-content-wrapper clearfix'>\n<div class=\"flex_column av_one_fifth  flex_column_div av-zero-column-padding first  avia-builder-el-15  el_before_av_three_fifth  avia-builder-el-first\" style='border-radius:0px; '><\/div><div class=\"flex_column av_three_fifth  flex_column_div av-zero-column-padding   avia-builder-el-16  el_after_av_one_fifth  el_before_av_one_fifth\" style='border-radius:0px; '><section class=\"av_textblock_section\"  itemscope=\"itemscope\" itemtype=\"https:\/\/schema.org\/CreativeWork\" ><div class='avia_textblock   av-mini-font-size-overwrite av-mini-font-size-20'  style='font-size:22px; '  itemprop=\"text\" ><p style=\"text-align: center;\"><span style=\"font-weight: 400; color: #808080;\">Festivals are also present in the area. In addition to folk music and dance, the organisers prepare authentic cultural and artistic experiences for both residents and visitors. <\/span><\/p>\n<\/div><\/section><\/div><div class=\"flex_column av_one_fifth  flex_column_div av-zero-column-padding   avia-builder-el-18  el_after_av_three_fifth  avia-builder-el-last\" style='border-radius:0px; '><\/div>","protected":false},"excerpt":{"rendered":"","protected":false},"author":1,"featured_media":1346,"parent":0,"menu_order":0,"comment_status":"closed","ping_status":"open","template":"","meta":{"footnotes":""},"class_list":["post-2","page","type-page","status-publish","has-post-thumbnail","hentry"],"yoast_head":"<!-- This site is optimized with the Yoast SEO plugin v27.4 - https:\/\/yoast.com\/product\/yoast-seo-wordpress\/ -->\n<title>Evenimente in Sadova - Sadova | Evenimente turistice Bucovina<\/title>\n<meta name=\"description\" content=\"Sadovenii au pofta de via\u021b\u0103, ca to\u021bi bucovinenii, de aceea evenimentele culturale sunt nelipsite \u00een aceast\u0103 zon\u0103. \u263c Evenimente in Sadova\" \/>\n<meta name=\"robots\" content=\"index, follow, max-snippet:-1, max-image-preview:large, max-video-preview:-1\" \/>\n<link rel=\"canonical\" href=\"https:\/\/sadova.ro\/en\/evenimente-in-sadova\/\" \/>\n<meta property=\"og:locale\" content=\"en_GB\" \/>\n<meta property=\"og:type\" content=\"article\" \/>\n<meta property=\"og:title\" content=\"Evenimente in Sadova - Sadova | Evenimente turistice Bucovina\" \/>\n<meta property=\"og:description\" content=\"Sadovenii au pofta de via\u021b\u0103, ca to\u021bi bucovinenii, de aceea evenimentele culturale sunt nelipsite \u00een aceast\u0103 zon\u0103. \u263c Evenimente in Sadova\" \/>\n<meta property=\"og:url\" content=\"https:\/\/sadova.ro\/en\/evenimente-in-sadova\/\" \/>\n<meta property=\"og:site_name\" content=\"Sadova\" \/>\n<meta property=\"article:modified_time\" content=\"2021-03-27T10:08:20+00:00\" \/>\n<meta property=\"og:image\" content=\"https:\/\/sadova.ro\/wp-content\/uploads\/2021\/01\/08_DS2_4652-1030x687.jpg\" \/>\n\t<meta property=\"og:image:width\" content=\"1030\" \/>\n\t<meta property=\"og:image:height\" content=\"687\" \/>\n\t<meta property=\"og:image:type\" content=\"image\/jpeg\" \/>\n<meta name=\"twitter:card\" content=\"summary_large_image\" \/>\n<meta name=\"twitter:label1\" content=\"Estimated reading time\" \/>\n\t<meta name=\"twitter:data1\" content=\"4 minutes\" \/>\n<script type=\"application\/ld+json\" class=\"yoast-schema-graph\">{\"@context\":\"https:\\\/\\\/schema.org\",\"@graph\":[{\"@type\":\"WebPage\",\"@id\":\"https:\\\/\\\/sadova.ro\\\/evenimente-in-sadova\\\/\",\"url\":\"https:\\\/\\\/sadova.ro\\\/evenimente-in-sadova\\\/\",\"name\":\"Evenimente in Sadova - Sadova | Evenimente turistice Bucovina\",\"isPartOf\":{\"@id\":\"https:\\\/\\\/sadova.ro\\\/#website\"},\"primaryImageOfPage\":{\"@id\":\"https:\\\/\\\/sadova.ro\\\/evenimente-in-sadova\\\/#primaryimage\"},\"image\":{\"@id\":\"https:\\\/\\\/sadova.ro\\\/evenimente-in-sadova\\\/#primaryimage\"},\"thumbnailUrl\":\"https:\\\/\\\/sadova.ro\\\/wp-content\\\/uploads\\\/2021\\\/01\\\/08_DS2_4652-scaled.jpg\",\"datePublished\":\"2020-12-04T14:04:22+00:00\",\"dateModified\":\"2021-03-27T10:08:20+00:00\",\"description\":\"Sadovenii au pofta de via\u021b\u0103, ca to\u021bi bucovinenii, de aceea evenimentele culturale sunt nelipsite \u00een aceast\u0103 zon\u0103. \u263c Evenimente in Sadova\",\"breadcrumb\":{\"@id\":\"https:\\\/\\\/sadova.ro\\\/evenimente-in-sadova\\\/#breadcrumb\"},\"inLanguage\":\"en-GB\",\"potentialAction\":[{\"@type\":\"ReadAction\",\"target\":[\"https:\\\/\\\/sadova.ro\\\/evenimente-in-sadova\\\/\"]}]},{\"@type\":\"ImageObject\",\"inLanguage\":\"en-GB\",\"@id\":\"https:\\\/\\\/sadova.ro\\\/evenimente-in-sadova\\\/#primaryimage\",\"url\":\"https:\\\/\\\/sadova.ro\\\/wp-content\\\/uploads\\\/2021\\\/01\\\/08_DS2_4652-scaled.jpg\",\"contentUrl\":\"https:\\\/\\\/sadova.ro\\\/wp-content\\\/uploads\\\/2021\\\/01\\\/08_DS2_4652-scaled.jpg\",\"width\":2560,\"height\":1707,\"caption\":\"EXPERIEN\u021aE CULTURALE\"},{\"@type\":\"BreadcrumbList\",\"@id\":\"https:\\\/\\\/sadova.ro\\\/evenimente-in-sadova\\\/#breadcrumb\",\"itemListElement\":[{\"@type\":\"ListItem\",\"position\":1,\"name\":\"Home\",\"item\":\"https:\\\/\\\/sadova.ro\\\/\"},{\"@type\":\"ListItem\",\"position\":2,\"name\":\"Evenimente in Sadova\"}]},{\"@type\":\"WebSite\",\"@id\":\"https:\\\/\\\/sadova.ro\\\/#website\",\"url\":\"https:\\\/\\\/sadova.ro\\\/\",\"name\":\"Sadova\",\"description\":\"Satul cu oameni frumosi\",\"publisher\":{\"@id\":\"https:\\\/\\\/sadova.ro\\\/#organization\"},\"potentialAction\":[{\"@type\":\"SearchAction\",\"target\":{\"@type\":\"EntryPoint\",\"urlTemplate\":\"https:\\\/\\\/sadova.ro\\\/?s={search_term_string}\"},\"query-input\":{\"@type\":\"PropertyValueSpecification\",\"valueRequired\":true,\"valueName\":\"search_term_string\"}}],\"inLanguage\":\"en-GB\"},{\"@type\":\"Organization\",\"@id\":\"https:\\\/\\\/sadova.ro\\\/#organization\",\"name\":\"Experience Sadova\",\"url\":\"https:\\\/\\\/sadova.ro\\\/\",\"logo\":{\"@type\":\"ImageObject\",\"inLanguage\":\"en-GB\",\"@id\":\"https:\\\/\\\/sadova.ro\\\/#\\\/schema\\\/logo\\\/image\\\/\",\"url\":\"https:\\\/\\\/sadova.ro\\\/wp-content\\\/uploads\\\/2025\\\/08\\\/cropped-1casuta.png\",\"contentUrl\":\"https:\\\/\\\/sadova.ro\\\/wp-content\\\/uploads\\\/2025\\\/08\\\/cropped-1casuta.png\",\"width\":512,\"height\":512,\"caption\":\"Experience Sadova\"},\"image\":{\"@id\":\"https:\\\/\\\/sadova.ro\\\/#\\\/schema\\\/logo\\\/image\\\/\"}}]}<\/script>\n<!-- \/ Yoast SEO plugin. -->","yoast_head_json":{"title":"Evenimente in Sadova - Sadova | Evenimente turistice Bucovina","description":"Sadovenii au pofta de via\u021b\u0103, ca to\u021bi bucovinenii, de aceea evenimentele culturale sunt nelipsite \u00een aceast\u0103 zon\u0103. \u263c Evenimente in Sadova","robots":{"index":"index","follow":"follow","max-snippet":"max-snippet:-1","max-image-preview":"max-image-preview:large","max-video-preview":"max-video-preview:-1"},"canonical":"https:\/\/sadova.ro\/en\/evenimente-in-sadova\/","og_locale":"en_GB","og_type":"article","og_title":"Evenimente in Sadova - Sadova | Evenimente turistice Bucovina","og_description":"Sadovenii au pofta de via\u021b\u0103, ca to\u021bi bucovinenii, de aceea evenimentele culturale sunt nelipsite \u00een aceast\u0103 zon\u0103. \u263c Evenimente in Sadova","og_url":"https:\/\/sadova.ro\/en\/evenimente-in-sadova\/","og_site_name":"Sadova","article_modified_time":"2021-03-27T10:08:20+00:00","og_image":[{"width":1030,"height":687,"url":"https:\/\/sadova.ro\/wp-content\/uploads\/2021\/01\/08_DS2_4652-1030x687.jpg","type":"image\/jpeg"}],"twitter_card":"summary_large_image","twitter_misc":{"Estimated reading time":"4 minutes"},"schema":{"@context":"https:\/\/schema.org","@graph":[{"@type":"WebPage","@id":"https:\/\/sadova.ro\/evenimente-in-sadova\/","url":"https:\/\/sadova.ro\/evenimente-in-sadova\/","name":"Evenimente in Sadova - Sadova | Evenimente turistice Bucovina","isPartOf":{"@id":"https:\/\/sadova.ro\/#website"},"primaryImageOfPage":{"@id":"https:\/\/sadova.ro\/evenimente-in-sadova\/#primaryimage"},"image":{"@id":"https:\/\/sadova.ro\/evenimente-in-sadova\/#primaryimage"},"thumbnailUrl":"https:\/\/sadova.ro\/wp-content\/uploads\/2021\/01\/08_DS2_4652-scaled.jpg","datePublished":"2020-12-04T14:04:22+00:00","dateModified":"2021-03-27T10:08:20+00:00","description":"Sadovenii au pofta de via\u021b\u0103, ca to\u021bi bucovinenii, de aceea evenimentele culturale sunt nelipsite \u00een aceast\u0103 zon\u0103. \u263c Evenimente in Sadova","breadcrumb":{"@id":"https:\/\/sadova.ro\/evenimente-in-sadova\/#breadcrumb"},"inLanguage":"en-GB","potentialAction":[{"@type":"ReadAction","target":["https:\/\/sadova.ro\/evenimente-in-sadova\/"]}]},{"@type":"ImageObject","inLanguage":"en-GB","@id":"https:\/\/sadova.ro\/evenimente-in-sadova\/#primaryimage","url":"https:\/\/sadova.ro\/wp-content\/uploads\/2021\/01\/08_DS2_4652-scaled.jpg","contentUrl":"https:\/\/sadova.ro\/wp-content\/uploads\/2021\/01\/08_DS2_4652-scaled.jpg","width":2560,"height":1707,"caption":"EXPERIEN\u021aE CULTURALE"},{"@type":"BreadcrumbList","@id":"https:\/\/sadova.ro\/evenimente-in-sadova\/#breadcrumb","itemListElement":[{"@type":"ListItem","position":1,"name":"Home","item":"https:\/\/sadova.ro\/"},{"@type":"ListItem","position":2,"name":"Evenimente in Sadova"}]},{"@type":"WebSite","@id":"https:\/\/sadova.ro\/#website","url":"https:\/\/sadova.ro\/","name":"Sadova","description":"Satul cu oameni frumosi","publisher":{"@id":"https:\/\/sadova.ro\/#organization"},"potentialAction":[{"@type":"SearchAction","target":{"@type":"EntryPoint","urlTemplate":"https:\/\/sadova.ro\/?s={search_term_string}"},"query-input":{"@type":"PropertyValueSpecification","valueRequired":true,"valueName":"search_term_string"}}],"inLanguage":"en-GB"},{"@type":"Organization","@id":"https:\/\/sadova.ro\/#organization","name":"Experience Sadova","url":"https:\/\/sadova.ro\/","logo":{"@type":"ImageObject","inLanguage":"en-GB","@id":"https:\/\/sadova.ro\/#\/schema\/logo\/image\/","url":"https:\/\/sadova.ro\/wp-content\/uploads\/2025\/08\/cropped-1casuta.png","contentUrl":"https:\/\/sadova.ro\/wp-content\/uploads\/2025\/08\/cropped-1casuta.png","width":512,"height":512,"caption":"Experience Sadova"},"image":{"@id":"https:\/\/sadova.ro\/#\/schema\/logo\/image\/"}}]}},"_links":{"self":[{"href":"https:\/\/sadova.ro\/en\/wp-json\/wp\/v2\/pages\/2","targetHints":{"allow":["GET"]}}],"collection":[{"href":"https:\/\/sadova.ro\/en\/wp-json\/wp\/v2\/pages"}],"about":[{"href":"https:\/\/sadova.ro\/en\/wp-json\/wp\/v2\/types\/page"}],"author":[{"embeddable":true,"href":"https:\/\/sadova.ro\/en\/wp-json\/wp\/v2\/users\/1"}],"replies":[{"embeddable":true,"href":"https:\/\/sadova.ro\/en\/wp-json\/wp\/v2\/comments?post=2"}],"version-history":[{"count":22,"href":"https:\/\/sadova.ro\/en\/wp-json\/wp\/v2\/pages\/2\/revisions"}],"predecessor-version":[{"id":3679,"href":"https:\/\/sadova.ro\/en\/wp-json\/wp\/v2\/pages\/2\/revisions\/3679"}],"wp:featuredmedia":[{"embeddable":true,"href":"https:\/\/sadova.ro\/en\/wp-json\/wp\/v2\/media\/1346"}],"wp:attachment":[{"href":"https:\/\/sadova.ro\/en\/wp-json\/wp\/v2\/media?parent=2"}],"curies":[{"name":"wp","href":"https:\/\/api.w.org\/{rel}","templated":true}]}}