{"id":1167,"date":"2021-01-18T15:58:35","date_gmt":"2021-01-18T15:58:35","guid":{"rendered":"https:\/\/sadova.ro\/?page_id=1167"},"modified":"2024-09-03T14:35:55","modified_gmt":"2024-09-03T14:35:55","slug":"targuri","status":"publish","type":"page","link":"https:\/\/sadova.ro\/en\/targuri\/","title":{"rendered":"Fairs in Sadova"},"content":{"rendered":"<div id='fullscreen_slider_1'  class='avia-fullscreen-slider main_color  av-mini-hide  avia-builder-el-0  el_before_av_slideshow_full  avia-builder-el-first   container_wrap fullsize' style=' '  ><a href='#next-section' title='' class='scroll-down-link av-control-default' aria-hidden='true' data-av_icon='\ue877' data-av_iconfont='entypo-fontello'><\/a><div   data-size='no scaling'  data-lightbox_size='large'  data-animation='slide'  data-conditional_play=''  data-ids='1172'  data-video_counter='0'  data-autoplay='false'  data-bg_slider='true'  data-slide_height='100'  data-handle='av_fullscreen'  data-interval='5'  data-class=' '  data-el_id=''  data-css_id='fullscreen_slider_1'  data-scroll_down='aviaTBscroll_down'  data-control_layout='av-control-default'  data-custom_markup=''  data-perma_caption=''  data-autoplay_stopper=''  data-image_attachment=''  data-min_height='0px'  data-lazy_loading='disabled'  data-stretch=''  class='avia-slideshow avia-slideshow-1 av-slider-scroll-down-active av-control-default av-default-height-applied avia-slideshow-no scaling av_fullscreen   avia-slide-slider'  itemprop=\"image\" itemscope=\"itemscope\" itemtype=\"https:\/\/schema.org\/ImageObject\" ><ul class='avia-slideshow-inner' style='padding-bottom: 66.666666666667%;' ><li style='background-position:center center;' data-img-url='https:\/\/sadova.ro\/wp-content\/uploads\/2021\/01\/produs-in-sadova-.jpg' class='av-single-slide slide-1' ><div data-rel='slideshow-1' class='avia-slide-wrap'   ><div class = \"caption_fullwidth av-slideshow-caption caption_center caption_center_framed caption_framed\"><div class = \"container caption_container\"><div class = \"slideshow_caption\"><div class = \"slideshow_inner_caption\"><div class = \"slideshow_align_caption\"><h2  style='color:#ffffff; ' class='avia-caption-title'  itemprop=\"name\" >Fair of local producers and craftsmen<\/h2><\/div><\/div><\/div><\/div><\/div><\/div><\/li><\/ul><\/div><\/div>\n<div id='full_slider_1'  class='avia-fullwidth-slider main_color avia-shadow  av-desktop-hide av-medium-hide av-small-hide  avia-builder-el-1  el_after_av_fullscreen  el_before_av_section   slider-not-first container_wrap fullsize' style=' '  ><div   data-size='no scaling'  data-lightbox_size='large'  data-animation='slide'  data-conditional_play=''  data-ids='1172'  data-video_counter='0'  data-autoplay='false'  data-bg_slider='false'  data-slide_height=''  data-handle='av_slideshow_full'  data-interval='5'  data-class=' '  data-el_id=''  data-css_id=''  data-scroll_down=''  data-control_layout='av-control-default'  data-custom_markup=''  data-perma_caption=''  data-autoplay_stopper=''  data-image_attachment=''  data-min_height='0px'  data-lazy_loading='disabled'  data-src=''  data-position='top left'  data-repeat='no-repeat'  data-attach='scroll'  data-stretch=''  class='avia-slideshow avia-slideshow-2  av-control-default av-default-height-applied avia-slideshow-no scaling av_slideshow_full   avia-slide-slider'  itemprop=\"image\" itemscope=\"itemscope\" itemtype=\"https:\/\/schema.org\/ImageObject\" ><ul class='avia-slideshow-inner' style='padding-bottom: 66.666666666667%;' ><li  class='av-single-slide slide-1' ><div data-rel='slideshow-2' class='avia-slide-wrap'   ><div class = \"caption_fullwidth av-slideshow-caption caption_center caption_center_framed caption_framed\"><div class = \"container caption_container\"><div class = \"slideshow_caption\"><div class = \"slideshow_inner_caption\"><div class = \"slideshow_align_caption\"><h2  class='avia-caption-title'  itemprop=\"name\" >Fair of local producers and craftsmen<\/h2><\/div><\/div><\/div><\/div><\/div><img decoding=\"async\" class=\"wp-image-1172 avia-img-lazy-loading-not-1172\"  src=\"https:\/\/sadova.ro\/wp-content\/uploads\/2021\/01\/produs-in-sadova-.jpg\" width=\"960\" height=\"640\" title='produs in sadova' alt=''  itemprop=\"thumbnailUrl\" srcset=\"https:\/\/sadova.ro\/wp-content\/uploads\/2021\/01\/produs-in-sadova-.jpg 960w, https:\/\/sadova.ro\/wp-content\/uploads\/2021\/01\/produs-in-sadova--300x200.jpg 300w, https:\/\/sadova.ro\/wp-content\/uploads\/2021\/01\/produs-in-sadova--768x512.jpg 768w, https:\/\/sadova.ro\/wp-content\/uploads\/2021\/01\/produs-in-sadova--705x470.jpg 705w\" sizes=\"(max-width: 960px) 100vw, 960px\" \/><\/div><\/li><\/ul><\/div><\/div>\n<div id='av_section_1'  class='avia-section main_color avia-section-default avia-no-border-styling  avia-bg-style-scroll  avia-builder-el-2  el_after_av_slideshow_full  avia-builder-el-last   container_wrap fullsize' style=' '  ><div class='container' ><div class='template-page content  av-content-full alpha units'><div class='post-entry post-entry-type-page post-entry-1167'><div class='entry-content-wrapper clearfix'>\n<div class=\"flex_column av_one_fifth  flex_column_div av-zero-column-padding first  avia-builder-el-3  el_before_av_three_fifth  avia-builder-el-first\" style='border-radius:0px; '><\/div><div class=\"flex_column av_three_fifth  flex_column_div av-zero-column-padding   avia-builder-el-4  el_after_av_one_fifth  el_before_av_one_fifth\" style='border-radius:0px; '><section class=\"av_textblock_section\"  itemscope=\"itemscope\" itemtype=\"https:\/\/schema.org\/CreativeWork\" ><div class='avia_textblock  av_inherit_color'  style='font-size:22px; color:#777777; '  itemprop=\"text\" ><p style=\"text-align: center;\"><span style=\"font-weight: 400;\">Local fairs bring traditional products from the Bucovina area to the attention of visitors. From <a href=\"https:\/\/sadova.ro\/en\/produs-in-sadova\/\" target=\"_blank\" rel=\"noopener\">traditional products<\/a> to traditional meat products, milk, bee products, fruit and vegetables. The fair also features traditional shepherd's huts and <a href=\"https:\/\/sadova.ro\/en\/mancare-sadova\/\" target=\"_blank\" rel=\"noopener\">gourmet products,<\/a> as well as other experiences rooted in local culture. <\/span><\/p>\n<\/div><\/section><\/div><div class=\"flex_column av_one_fifth  flex_column_div av-zero-column-padding   avia-builder-el-6  el_after_av_three_fifth  avia-builder-el-last\" style='border-radius:0px; '><\/div>","protected":false},"excerpt":{"rendered":"","protected":false},"author":1,"featured_media":1172,"parent":0,"menu_order":0,"comment_status":"closed","ping_status":"closed","template":"","meta":{"footnotes":""},"class_list":["post-1167","page","type-page","status-publish","has-post-thumbnail","hentry"],"yoast_head":"<!-- This site is optimized with the Yoast SEO plugin v27.4 - https:\/\/yoast.com\/product\/yoast-seo-wordpress\/ -->\n<title>T\u00e2rguri \u00een Sadova - Sadova Bucovina | Produse locale<\/title>\n<meta name=\"description\" content=\"T\u00e2rgurile locale aduc \u00een aten\u0163ia vizitatorilor produsele tradi\u0163ionale din zona Bucovinei. \u263c Descoper\u0103 frumuse\u021bea produselor locale.\" \/>\n<meta name=\"robots\" content=\"index, follow, max-snippet:-1, max-image-preview:large, max-video-preview:-1\" \/>\n<link rel=\"canonical\" href=\"https:\/\/sadova.ro\/en\/targuri\/\" \/>\n<meta property=\"og:locale\" content=\"en_GB\" \/>\n<meta property=\"og:type\" content=\"article\" \/>\n<meta property=\"og:title\" content=\"T\u00e2rguri \u00een Sadova - Sadova Bucovina | Produse locale\" \/>\n<meta property=\"og:description\" content=\"T\u00e2rgurile locale aduc \u00een aten\u0163ia vizitatorilor produsele tradi\u0163ionale din zona Bucovinei. \u263c Descoper\u0103 frumuse\u021bea produselor locale.\" \/>\n<meta property=\"og:url\" content=\"https:\/\/sadova.ro\/en\/targuri\/\" \/>\n<meta property=\"og:site_name\" content=\"Sadova\" \/>\n<meta property=\"article:modified_time\" content=\"2024-09-03T14:35:55+00:00\" \/>\n<meta property=\"og:image\" content=\"https:\/\/sadova.ro\/wp-content\/uploads\/2021\/01\/produs-in-sadova-.jpg\" \/>\n\t<meta property=\"og:image:width\" content=\"960\" \/>\n\t<meta property=\"og:image:height\" content=\"640\" \/>\n\t<meta property=\"og:image:type\" content=\"image\/jpeg\" \/>\n<meta name=\"twitter:card\" content=\"summary_large_image\" \/>\n<meta name=\"twitter:label1\" content=\"Estimated reading time\" \/>\n\t<meta name=\"twitter:data1\" content=\"2 minutes\" \/>\n<script type=\"application\/ld+json\" class=\"yoast-schema-graph\">{\"@context\":\"https:\\\/\\\/schema.org\",\"@graph\":[{\"@type\":\"WebPage\",\"@id\":\"https:\\\/\\\/sadova.ro\\\/targuri\\\/\",\"url\":\"https:\\\/\\\/sadova.ro\\\/targuri\\\/\",\"name\":\"T\u00e2rguri \u00een Sadova - Sadova Bucovina | Produse locale\",\"isPartOf\":{\"@id\":\"https:\\\/\\\/sadova.ro\\\/#website\"},\"primaryImageOfPage\":{\"@id\":\"https:\\\/\\\/sadova.ro\\\/targuri\\\/#primaryimage\"},\"image\":{\"@id\":\"https:\\\/\\\/sadova.ro\\\/targuri\\\/#primaryimage\"},\"thumbnailUrl\":\"https:\\\/\\\/sadova.ro\\\/wp-content\\\/uploads\\\/2021\\\/01\\\/produs-in-sadova-.jpg\",\"datePublished\":\"2021-01-18T15:58:35+00:00\",\"dateModified\":\"2024-09-03T14:35:55+00:00\",\"description\":\"T\u00e2rgurile locale aduc \u00een aten\u0163ia vizitatorilor produsele tradi\u0163ionale din zona Bucovinei. \u263c Descoper\u0103 frumuse\u021bea produselor locale.\",\"breadcrumb\":{\"@id\":\"https:\\\/\\\/sadova.ro\\\/targuri\\\/#breadcrumb\"},\"inLanguage\":\"en-GB\",\"potentialAction\":[{\"@type\":\"ReadAction\",\"target\":[\"https:\\\/\\\/sadova.ro\\\/targuri\\\/\"]}]},{\"@type\":\"ImageObject\",\"inLanguage\":\"en-GB\",\"@id\":\"https:\\\/\\\/sadova.ro\\\/targuri\\\/#primaryimage\",\"url\":\"https:\\\/\\\/sadova.ro\\\/wp-content\\\/uploads\\\/2021\\\/01\\\/produs-in-sadova-.jpg\",\"contentUrl\":\"https:\\\/\\\/sadova.ro\\\/wp-content\\\/uploads\\\/2021\\\/01\\\/produs-in-sadova-.jpg\",\"width\":960,\"height\":640,\"caption\":\"PRODUS IN SADOVA\"},{\"@type\":\"BreadcrumbList\",\"@id\":\"https:\\\/\\\/sadova.ro\\\/targuri\\\/#breadcrumb\",\"itemListElement\":[{\"@type\":\"ListItem\",\"position\":1,\"name\":\"Home\",\"item\":\"https:\\\/\\\/sadova.ro\\\/\"},{\"@type\":\"ListItem\",\"position\":2,\"name\":\"T\u00e2rguri \u00een Sadova\"}]},{\"@type\":\"WebSite\",\"@id\":\"https:\\\/\\\/sadova.ro\\\/#website\",\"url\":\"https:\\\/\\\/sadova.ro\\\/\",\"name\":\"Sadova\",\"description\":\"Satul cu oameni frumosi\",\"publisher\":{\"@id\":\"https:\\\/\\\/sadova.ro\\\/#organization\"},\"potentialAction\":[{\"@type\":\"SearchAction\",\"target\":{\"@type\":\"EntryPoint\",\"urlTemplate\":\"https:\\\/\\\/sadova.ro\\\/?s={search_term_string}\"},\"query-input\":{\"@type\":\"PropertyValueSpecification\",\"valueRequired\":true,\"valueName\":\"search_term_string\"}}],\"inLanguage\":\"en-GB\"},{\"@type\":\"Organization\",\"@id\":\"https:\\\/\\\/sadova.ro\\\/#organization\",\"name\":\"Experience Sadova\",\"url\":\"https:\\\/\\\/sadova.ro\\\/\",\"logo\":{\"@type\":\"ImageObject\",\"inLanguage\":\"en-GB\",\"@id\":\"https:\\\/\\\/sadova.ro\\\/#\\\/schema\\\/logo\\\/image\\\/\",\"url\":\"https:\\\/\\\/sadova.ro\\\/wp-content\\\/uploads\\\/2025\\\/08\\\/cropped-1casuta.png\",\"contentUrl\":\"https:\\\/\\\/sadova.ro\\\/wp-content\\\/uploads\\\/2025\\\/08\\\/cropped-1casuta.png\",\"width\":512,\"height\":512,\"caption\":\"Experience Sadova\"},\"image\":{\"@id\":\"https:\\\/\\\/sadova.ro\\\/#\\\/schema\\\/logo\\\/image\\\/\"}}]}<\/script>\n<!-- \/ Yoast SEO plugin. -->","yoast_head_json":{"title":"T\u00e2rguri \u00een Sadova - Sadova Bucovina | Produse locale","description":"T\u00e2rgurile locale aduc \u00een aten\u0163ia vizitatorilor produsele tradi\u0163ionale din zona Bucovinei. \u263c Descoper\u0103 frumuse\u021bea produselor locale.","robots":{"index":"index","follow":"follow","max-snippet":"max-snippet:-1","max-image-preview":"max-image-preview:large","max-video-preview":"max-video-preview:-1"},"canonical":"https:\/\/sadova.ro\/en\/targuri\/","og_locale":"en_GB","og_type":"article","og_title":"T\u00e2rguri \u00een Sadova - Sadova Bucovina | Produse locale","og_description":"T\u00e2rgurile locale aduc \u00een aten\u0163ia vizitatorilor produsele tradi\u0163ionale din zona Bucovinei. \u263c Descoper\u0103 frumuse\u021bea produselor locale.","og_url":"https:\/\/sadova.ro\/en\/targuri\/","og_site_name":"Sadova","article_modified_time":"2024-09-03T14:35:55+00:00","og_image":[{"width":960,"height":640,"url":"https:\/\/sadova.ro\/wp-content\/uploads\/2021\/01\/produs-in-sadova-.jpg","type":"image\/jpeg"}],"twitter_card":"summary_large_image","twitter_misc":{"Estimated reading time":"2 minutes"},"schema":{"@context":"https:\/\/schema.org","@graph":[{"@type":"WebPage","@id":"https:\/\/sadova.ro\/targuri\/","url":"https:\/\/sadova.ro\/targuri\/","name":"T\u00e2rguri \u00een Sadova - Sadova Bucovina | Produse locale","isPartOf":{"@id":"https:\/\/sadova.ro\/#website"},"primaryImageOfPage":{"@id":"https:\/\/sadova.ro\/targuri\/#primaryimage"},"image":{"@id":"https:\/\/sadova.ro\/targuri\/#primaryimage"},"thumbnailUrl":"https:\/\/sadova.ro\/wp-content\/uploads\/2021\/01\/produs-in-sadova-.jpg","datePublished":"2021-01-18T15:58:35+00:00","dateModified":"2024-09-03T14:35:55+00:00","description":"T\u00e2rgurile locale aduc \u00een aten\u0163ia vizitatorilor produsele tradi\u0163ionale din zona Bucovinei. \u263c Descoper\u0103 frumuse\u021bea produselor locale.","breadcrumb":{"@id":"https:\/\/sadova.ro\/targuri\/#breadcrumb"},"inLanguage":"en-GB","potentialAction":[{"@type":"ReadAction","target":["https:\/\/sadova.ro\/targuri\/"]}]},{"@type":"ImageObject","inLanguage":"en-GB","@id":"https:\/\/sadova.ro\/targuri\/#primaryimage","url":"https:\/\/sadova.ro\/wp-content\/uploads\/2021\/01\/produs-in-sadova-.jpg","contentUrl":"https:\/\/sadova.ro\/wp-content\/uploads\/2021\/01\/produs-in-sadova-.jpg","width":960,"height":640,"caption":"PRODUS IN SADOVA"},{"@type":"BreadcrumbList","@id":"https:\/\/sadova.ro\/targuri\/#breadcrumb","itemListElement":[{"@type":"ListItem","position":1,"name":"Home","item":"https:\/\/sadova.ro\/"},{"@type":"ListItem","position":2,"name":"T\u00e2rguri \u00een Sadova"}]},{"@type":"WebSite","@id":"https:\/\/sadova.ro\/#website","url":"https:\/\/sadova.ro\/","name":"Sadova","description":"Satul cu oameni frumosi","publisher":{"@id":"https:\/\/sadova.ro\/#organization"},"potentialAction":[{"@type":"SearchAction","target":{"@type":"EntryPoint","urlTemplate":"https:\/\/sadova.ro\/?s={search_term_string}"},"query-input":{"@type":"PropertyValueSpecification","valueRequired":true,"valueName":"search_term_string"}}],"inLanguage":"en-GB"},{"@type":"Organization","@id":"https:\/\/sadova.ro\/#organization","name":"Experience Sadova","url":"https:\/\/sadova.ro\/","logo":{"@type":"ImageObject","inLanguage":"en-GB","@id":"https:\/\/sadova.ro\/#\/schema\/logo\/image\/","url":"https:\/\/sadova.ro\/wp-content\/uploads\/2025\/08\/cropped-1casuta.png","contentUrl":"https:\/\/sadova.ro\/wp-content\/uploads\/2025\/08\/cropped-1casuta.png","width":512,"height":512,"caption":"Experience Sadova"},"image":{"@id":"https:\/\/sadova.ro\/#\/schema\/logo\/image\/"}}]}},"_links":{"self":[{"href":"https:\/\/sadova.ro\/en\/wp-json\/wp\/v2\/pages\/1167","targetHints":{"allow":["GET"]}}],"collection":[{"href":"https:\/\/sadova.ro\/en\/wp-json\/wp\/v2\/pages"}],"about":[{"href":"https:\/\/sadova.ro\/en\/wp-json\/wp\/v2\/types\/page"}],"author":[{"embeddable":true,"href":"https:\/\/sadova.ro\/en\/wp-json\/wp\/v2\/users\/1"}],"replies":[{"embeddable":true,"href":"https:\/\/sadova.ro\/en\/wp-json\/wp\/v2\/comments?post=1167"}],"version-history":[{"count":11,"href":"https:\/\/sadova.ro\/en\/wp-json\/wp\/v2\/pages\/1167\/revisions"}],"predecessor-version":[{"id":3711,"href":"https:\/\/sadova.ro\/en\/wp-json\/wp\/v2\/pages\/1167\/revisions\/3711"}],"wp:featuredmedia":[{"embeddable":true,"href":"https:\/\/sadova.ro\/en\/wp-json\/wp\/v2\/media\/1172"}],"wp:attachment":[{"href":"https:\/\/sadova.ro\/en\/wp-json\/wp\/v2\/media?parent=1167"}],"curies":[{"name":"wp","href":"https:\/\/api.w.org\/{rel}","templated":true}]}}